{"id":1193,"date":"2023-03-13T20:32:28","date_gmt":"2023-03-13T20:32:28","guid":{"rendered":"https:\/\/alterdv.fr\/?page_id=1193"},"modified":"2023-03-22T09:58:48","modified_gmt":"2023-03-22T09:58:48","slug":"politique-de-confidentialite","status":"publish","type":"page","link":"https:\/\/alterdv.fr\/?page_id=1193","title":{"rendered":"Mentions l\u00e9gales et propri\u00e9t\u00e9 intellectuelle"},"content":{"rendered":"\n<div class=\"wp-block-cover alignfull\" style=\"min-height:200px;aspect-ratio:unset;\"><span aria-hidden=\"true\" class=\"wp-block-cover__background has-nv-site-bg-background-color has-background-dim-100 has-background-dim\"><\/span><div class=\"wp-block-cover__inner-container is-layout-flow wp-block-cover-is-layout-flow\">\n<div class=\"wp-block-group\"><div class=\"wp-block-group__inner-container is-layout-flow wp-block-group-is-layout-flow\">\n<h1 class=\"has-text-align-left has-neve-text-color-color has-text-color wp-block-heading\" style=\"text-transform:none\"><\/h1>\n<\/div><\/div>\n<\/div><\/div>\n\n\n\n<div class=\"wp-block-cover alignfull\" style=\"min-height:96px;aspect-ratio:unset;\"><span aria-hidden=\"true\" class=\"wp-block-cover__background has-nv-light-bg-background-color has-background-dim-100 has-background-dim\"><\/span><div class=\"wp-block-cover__inner-container is-layout-flow wp-block-cover-is-layout-flow\">\n<div class=\"wp-block-group\"><div class=\"wp-block-group__inner-container is-layout-flow wp-block-group-is-layout-flow\">\n<div style=\"height:50px\" aria-hidden=\"true\" class=\"wp-block-spacer\"><\/div>\n\n\n\n<h2 class=\"has-nv-dark-bg-color has-text-color wp-block-heading\">1 &#8211; \u00c9dition du site<\/h2>\n\n\n\n<p class=\"has-nv-dark-bg-color has-text-color\">En vertu de&nbsp;<a rel=\"noreferrer noopener\" href=\"https:\/\/www.legifrance.gouv.fr\/affichTexte.do?cidTexte=JORFTEXT000000801164#LEGIARTI000042038977\" target=\"_blank\">l&rsquo;article 6 de la loi n\u00b0 2004-575 du 21 juin 2004<\/a>&nbsp;pour la confiance dans l&rsquo;\u00e9conomie num\u00e9rique, il est pr\u00e9cis\u00e9 aux utilisateurs du site internet&nbsp;<\/p>\n\n\n\n<p class=\"has-nv-dark-bg-color has-text-color\">&nbsp;L&rsquo;identit\u00e9 des diff\u00e9rents intervenants dans le cadre de sa r\u00e9alisation et de son suivi:<\/p>\n\n\n\n<p class=\"has-nv-dark-bg-color has-text-color\"><strong>Propri\u00e9taire du site :&nbsp;<\/strong>ROUGIS Yann&nbsp;&#8211; Contact :&nbsp;yann.rougis@gmail.com&nbsp;0776830177&nbsp;&#8211; Adresse :&nbsp;131 all\u00e9e de la Berg\u00e8re.<\/p>\n\n\n\n<p class=\"has-nv-dark-bg-color has-text-color\"><strong>Identification de l&rsquo;entreprise :<\/strong>\u00a0ROUGIS Yann\u00a0 &#8211; SIREN :\u00a0492 021 258 00040\u00a0&#8211; Adresse postale :\u00a0131 all\u00e9e de la Berg\u00e8re<\/p>\n\n\n\n<p class=\"has-nv-dark-bg-color has-text-color\"><strong>Directeur de la publication :&nbsp;<\/strong>Yann Rougis&nbsp;&#8211; yann.rougis@gmail.com<\/p>\n\n\n\n<p class=\"has-nv-dark-bg-color has-text-color\"><strong>H\u00e9bergeur :<\/strong>&nbsp;Hostinger International Ltd. 61 rue Lordou Vironos, 6023&nbsp;08 92 97 70 93<\/p>\n\n\n\n<p class=\"has-nv-dark-bg-color has-text-color\"><strong>D\u00e9l\u00e9gu\u00e9 \u00e0 la protection des donn\u00e9es :&nbsp;<\/strong>Yann Rougis&nbsp;&#8211;&nbsp;yann.rougis@gmail.com<\/p>\n\n\n\n<p class=\"has-nv-dark-bg-color has-text-color\"><strong>R\u00e9alisation technique : <\/strong>Sous WordPress<\/p>\n\n\n\n<hr class=\"wp-block-separator has-alpha-channel-opacity\"\/>\n\n\n\n<h2 class=\"has-nv-dark-bg-color has-text-color wp-block-heading\">2 &#8211; Propri\u00e9t\u00e9 intellectuelle et contrefa\u00e7ons.<\/h2>\n\n\n\n<p class=\"has-nv-dark-bg-color has-text-color\"><strong>ROUGIS Yann&nbsp;<\/strong>est propri\u00e9taire des droits de propri\u00e9t\u00e9 intellectuelle et d\u00e9tient les droits d\u2019usage sur tous les \u00e9l\u00e9ments accessibles sur le site internet, notamment les textes, images, graphismes, logos, vid\u00e9os, architecture, ic\u00f4nes et sons.<\/p>\n\n\n\n<p class=\"has-nv-dark-bg-color has-text-color\">Toute reproduction, repr\u00e9sentation, modification, publication, adaptation de tout ou partie des \u00e9l\u00e9ments du site, quel que soit le moyen ou le proc\u00e9d\u00e9 utilis\u00e9, est interdite, sauf autorisation \u00e9crite pr\u00e9alable de&nbsp;<strong>ROUGIS Yann&nbsp;<\/strong>.<\/p>\n\n\n\n<p class=\"has-nv-dark-bg-color has-text-color\">Toute exploitation non autoris\u00e9e du site ou de l\u2019un quelconque des \u00e9l\u00e9ments qu\u2019il contient sera consid\u00e9r\u00e9e comme constitutive d\u2019une contrefa\u00e7on et poursuivie conform\u00e9ment aux dispositions des articles&nbsp;<a rel=\"noreferrer noopener\" href=\"https:\/\/www.legifrance.gouv.fr\/affichCodeArticle.do?idArticle=LEGIARTI000032655082&amp;cidTexte=LEGITEXT000006069414&amp;dateTexte=20160605\" target=\"_blank\">L.335-2 et suivants du Code de Propri\u00e9t\u00e9 Intellectuelle<\/a>.<\/p>\n\n\n\n<p class=\"has-neve-text-color-color has-text-color\">Les photos utilis\u00e9es sur le site sont sous licences libres de droits ou de droits g\u00e9r\u00e9s (cr\u00e9dits : pexels.com, burst.shopify.com\/, pixabay.com, freeimages.com,worldcat.org), ou licence\u00a0<a rel=\"noreferrer noopener\" href=\"http:\/\/creativecommons.fr\/\" target=\"_blank\">Creative Commons<\/a>. <\/p>\n\n\n\n<hr class=\"wp-block-separator has-alpha-channel-opacity\"\/>\n\n\n\n<h2 class=\"has-nv-dark-bg-color has-text-color wp-block-heading\">3 &#8211; Limitations de responsabilit\u00e9.<\/h2>\n\n\n\n<p class=\"has-nv-dark-bg-color has-text-color\"><strong>ROUGIS Yann&nbsp;<\/strong>ne pourra \u00eatre tenu pour responsable des dommages directs et indirects caus\u00e9s au mat\u00e9riel de l\u2019utilisateur, lors de l\u2019acc\u00e8s au site&nbsp;<strong>https:\/\/www.alterdv.fr<\/strong>.<\/p>\n\n\n\n<p class=\"has-nv-dark-bg-color has-text-color\"><strong>ROUGIS Yann&nbsp;<\/strong>d\u00e9cline toute responsabilit\u00e9 quant \u00e0 l\u2019utilisation qui pourrait \u00eatre faite des informations et contenus pr\u00e9sents sur&nbsp;<a href=\"https:\/\/www.alterdv.fr\">alterdv.fr<\/a>.<\/p>\n\n\n\n<p class=\"has-nv-dark-bg-color has-text-color\"><strong>ROUGIS Yann&nbsp;<\/strong>s\u2019engage \u00e0 s\u00e9curiser au mieux le site&nbsp;<a href=\"https:\/\/www.alterdv.fr\">alterdv.fr<\/a>, cependant sa responsabilit\u00e9 ne pourra \u00eatre mise en cause si des donn\u00e9es ind\u00e9sirables sont import\u00e9es et install\u00e9es sur son site \u00e0 son insu.<\/p>\n\n\n\n<p class=\"has-nv-dark-bg-color has-text-color\">Des espaces interactifs (espace contact ou commentaires) sont \u00e0 la disposition des utilisateurs.&nbsp;<strong>ROUGIS Yann&nbsp;<\/strong>se r\u00e9serve le droit de supprimer, sans mise en demeure pr\u00e9alable, tout contenu d\u00e9pos\u00e9 dans cet espace qui contreviendrait \u00e0 la l\u00e9gislation applicable en France, en particulier aux dispositions relatives \u00e0 la protection des donn\u00e9es.<\/p>\n\n\n\n<p class=\"has-nv-dark-bg-color has-text-color\">Le cas \u00e9ch\u00e9ant,&nbsp;<strong>ROUGIS Yann&nbsp;<\/strong>se r\u00e9serve \u00e9galement la possibilit\u00e9 de mettre en cause la responsabilit\u00e9 civile et\/ou p\u00e9nale de l\u2019utilisateur, notamment en cas de message \u00e0 caract\u00e8re raciste, injurieux, diffamant, ou pornographique, quel que soit le support utilis\u00e9 (texte, photographie \u2026).<\/p>\n\n\n\n<hr class=\"wp-block-separator has-alpha-channel-opacity\"\/>\n\n\n\n<h2 class=\"has-nv-dark-bg-color has-text-color wp-block-heading\">4 &#8211; CNIL et gestion des donn\u00e9es personnelles.<\/h2>\n\n\n\n<p class=\"has-nv-dark-bg-color has-text-color\">Conform\u00e9ment aux dispositions de&nbsp;<a rel=\"noreferrer noopener\" href=\"https:\/\/www.legifrance.gouv.fr\/affichTexte.do?cidTexte=JORFTEXT000000886460\" target=\"_blank\">la loi 78-17 du 6 janvier 1978 modifi\u00e9e<\/a>, l\u2019utilisateur du site&nbsp;<a href=\"https:\/\/www.alterdv.fr\">alterdv.fr<\/a>&nbsp;dispose d\u2019un droit d\u2019acc\u00e8s, de modification et de suppression des informations collect\u00e9es. Pour exercer ce droit, envoyez un message \u00e0 notre D\u00e9l\u00e9gu\u00e9 \u00e0 la Protection des Donn\u00e9es :&nbsp;<strong>Yann Rougis<\/strong>&nbsp;&#8211;&nbsp;<strong>yann.rougis@gmail.com<\/strong>.<\/p>\n\n\n\n<p class=\"has-nv-dark-bg-color has-text-color\">Pour plus d&rsquo;informations sur la fa\u00e7on dont nous traitons vos donn\u00e9es (type de donn\u00e9es, finalit\u00e9, destinataire&#8230;), lisez notre&nbsp;<a href=\"https:\/\/alterdv.fr\/?page_id=1193\">Politique de confidentialit\u00e9<\/a><\/p>\n\n\n\n<hr class=\"wp-block-separator has-alpha-channel-opacity\"\/>\n\n\n\n<h2 class=\"has-nv-dark-bg-color has-text-color wp-block-heading\">5 &#8211; Liens hypertextes et cookies<\/h2>\n\n\n\n<p class=\"has-nv-dark-bg-color has-text-color\">Le site&nbsp;<a href=\"https:\/\/www.alterdv.fr\">alterdv.fr<\/a>&nbsp;contient des liens hypertextes vers d\u2019autres sites et d\u00e9gage toute responsabilit\u00e9 \u00e0 propos de ces liens externes ou des liens cr\u00e9\u00e9s par d\u2019autres sites vers&nbsp;<a href=\"https:\/\/www.alterdv.fr\">alterdv.fr<\/a>.<\/p>\n\n\n\n<p class=\"has-nv-dark-bg-color has-text-color\">La navigation sur le site&nbsp;<a href=\"https:\/\/www.alterdv.fr\">alterdv.fr<\/a>&nbsp;est susceptible de provoquer l\u2019installation de cookie(s) sur l\u2019ordinateur de l\u2019utilisateur.<\/p>\n\n\n\n<p class=\"has-nv-dark-bg-color has-text-color\">Un \u00ab\u00a0cookie\u00a0\u00bb est un fichier de petite taille qui enregistre des informations relatives \u00e0 la navigation d\u2019un utilisateur sur un site. Les donn\u00e9es ainsi obtenues permettent d&rsquo;obtenir des mesures de fr\u00e9quentation, par exemple.<\/p>\n\n\n\n<p class=\"has-nv-dark-bg-color has-text-color\">Vous avez la possibilit\u00e9&nbsp;<strong>d\u2019accepter ou de refuser les cookies<\/strong>&nbsp;en modifiant les param\u00e8tres de votre navigateur. Aucun cookie ne sera d\u00e9pos\u00e9 sans votre consentement.<\/p>\n\n\n\n<p class=\"has-nv-dark-bg-color has-text-color\">Pour plus d&rsquo;informations, lisez notre&nbsp;<a href=\"https:\/\/alterdv.fr\/?page_id=1193.\">Politique de confidentialit\u00e9<\/a><\/p>\n\n\n\n<hr class=\"wp-block-separator has-alpha-channel-opacity\"\/>\n\n\n\n<h2 class=\"has-nv-dark-bg-color has-text-color wp-block-heading\">6 &#8211; Droit applicable et attribution de juridiction.<\/h2>\n\n\n\n<p class=\"has-nv-dark-bg-color has-text-color\">Tout litige en relation avec l\u2019utilisation du site&nbsp;<a href=\"https:\/\/www.alterdv.fr\">alterdv.fr<\/a>&nbsp;est soumis au droit fran\u00e7ais. En dehors des cas o\u00f9 la loi ne le permet pas, il est fait attribution exclusive de juridiction aux tribunaux comp\u00e9tents de&nbsp;<strong>CIVRIEUX<\/strong>.<\/p>\n\n\n\n<div style=\"height:40px\" aria-hidden=\"true\" class=\"wp-block-spacer\"><\/div>\n\n\n\n<p><\/p>\n<\/div><\/div>\n<\/div><\/div>\n\n\n\n<div style=\"height:100px\" aria-hidden=\"true\" class=\"wp-block-spacer\"><\/div>\n","protected":false},"excerpt":{"rendered":"","protected":false},"author":1,"featured_media":0,"parent":0,"menu_order":0,"comment_status":"closed","ping_status":"closed","template":"","meta":{"neve_meta_sidebar":"default","neve_meta_container":"","neve_meta_enable_content_width":"on","neve_meta_content_width":100,"neve_meta_title_alignment":"","neve_meta_author_avatar":"","neve_post_elements_order":"","neve_meta_disable_header":"","neve_meta_disable_footer":"","neve_meta_disable_title":"on","_themeisle_gutenberg_block_has_review":false,"footnotes":""},"class_list":["post-1193","page","type-page","status-publish","hentry"],"_links":{"self":[{"href":"https:\/\/alterdv.fr\/index.php?rest_route=\/wp\/v2\/pages\/1193","targetHints":{"allow":["GET"]}}],"collection":[{"href":"https:\/\/alterdv.fr\/index.php?rest_route=\/wp\/v2\/pages"}],"about":[{"href":"https:\/\/alterdv.fr\/index.php?rest_route=\/wp\/v2\/types\/page"}],"author":[{"embeddable":true,"href":"https:\/\/alterdv.fr\/index.php?rest_route=\/wp\/v2\/users\/1"}],"replies":[{"embeddable":true,"href":"https:\/\/alterdv.fr\/index.php?rest_route=%2Fwp%2Fv2%2Fcomments&post=1193"}],"version-history":[{"count":9,"href":"https:\/\/alterdv.fr\/index.php?rest_route=\/wp\/v2\/pages\/1193\/revisions"}],"predecessor-version":[{"id":1558,"href":"https:\/\/alterdv.fr\/index.php?rest_route=\/wp\/v2\/pages\/1193\/revisions\/1558"}],"wp:attachment":[{"href":"https:\/\/alterdv.fr\/index.php?rest_route=%2Fwp%2Fv2%2Fmedia&parent=1193"}],"curies":[{"name":"wp","href":"https:\/\/api.w.org\/{rel}","templated":true}]}}