{"id":1401,"date":"2023-03-16T15:26:10","date_gmt":"2023-03-16T15:26:10","guid":{"rendered":"https:\/\/alterdv.fr\/?page_id=1401"},"modified":"2023-03-16T15:39:50","modified_gmt":"2023-03-16T15:39:50","slug":"politique-de-confidentialite-2","status":"publish","type":"page","link":"https:\/\/alterdv.fr\/?page_id=1401","title":{"rendered":"Politique de confidentialit\u00e9"},"content":{"rendered":"\n<div class=\"wp-block-cover alignfull\" style=\"min-height:200px;aspect-ratio:unset;\"><span aria-hidden=\"true\" class=\"wp-block-cover__background has-nv-site-bg-background-color has-background-dim-100 has-background-dim\"><\/span><div class=\"wp-block-cover__inner-container is-layout-flow wp-block-cover-is-layout-flow\">\n<div class=\"wp-block-group\"><div class=\"wp-block-group__inner-container is-layout-flow wp-block-group-is-layout-flow\">\n<h1 class=\"has-text-align-left has-neve-text-color-color has-text-color wp-block-heading\" style=\"text-transform:none\">Politique de confidentialit\u00e9<\/h1>\n<\/div><\/div>\n<\/div><\/div>\n\n\n\n<div class=\"wp-block-cover alignfull\" style=\"min-height:96px;aspect-ratio:unset;\"><span aria-hidden=\"true\" class=\"wp-block-cover__background has-nv-light-bg-background-color has-background-dim-100 has-background-dim\"><\/span><div class=\"wp-block-cover__inner-container is-layout-flow wp-block-cover-is-layout-flow\">\n<div class=\"wp-block-group\"><div class=\"wp-block-group__inner-container is-layout-flow wp-block-group-is-layout-flow\">\n<div style=\"height:50px\" aria-hidden=\"true\" class=\"wp-block-spacer\"><\/div>\n\n\n\n<h2 class=\"has-neve-text-color-color has-text-color wp-block-heading\">VIE PRIV\u00e9e<\/h2>\n\n\n\n<p class=\"has-neve-text-color-color has-text-color\">AlterDV s&rsquo;engage \u00e0 ne pas divulguer les informations personnelles vous concernant \u00e0 des tiers.<\/p>\n\n\n\n<h2 class=\"has-neve-text-color-color has-text-color wp-block-heading\">INFORMATIONS PERSONNELLES<\/h2>\n\n\n\n<p class=\"has-neve-text-color-color has-text-color\">AlterDV assure la s\u00e9curit\u00e9 des donn\u00e9es transmises par vos soins mais conseille de prendre les pr\u00e9cautions n\u00e9cessaires quant aux risques inh\u00e9rents de l\u2019outil Internet.<\/p>\n\n\n\n<p class=\"has-neve-text-color-color has-text-color\">Conform\u00e9ment \u00e0 la Loi informatique et libert\u00e9s du 6 janvier 1978, modifi\u00e9e en 2004, vous disposez d\u2019un droit d\u2019acc\u00e8s, de modification, de rectification et de suppression des donn\u00e9es vous concernant. Pour exercer ce droit, nous vous invitons \u00e0 nous contacter par courrier \u00e0 l\u2019adresse ci-dessus.<\/p>\n\n\n\n<h2 class=\"has-neve-text-color-color has-text-color wp-block-heading\">Formulaires de contact<\/h2>\n\n\n\n<p class=\"has-neve-text-color-color has-text-color\">Aucune information transmise par le formulaire de contact n\u2019est stock\u00e9e sur le site.<\/p>\n\n\n\n<h2 class=\"has-neve-text-color-color has-text-color wp-block-heading\">Comment ALTERDV utilise les cookies sur ses sites ?<\/h2>\n\n\n\n<p class=\"has-neve-text-color-color has-text-color\"><strong>Il peut y avoir 5 types de cookies :<\/strong><\/p>\n\n\n\n<p class=\"has-neve-text-color-color has-text-color\"><strong>Les cookies techniquement n\u00e9cessaires au bon fonctionnement des sites web.<\/strong> Ces cookies permettent notamment d&rsquo;acc\u00e9der aux espaces r\u00e9serv\u00e9s et personnels des sites. Ils ne peuvent pas \u00eatre d\u00e9sactiv\u00e9s. Les donn\u00e9es enregistr\u00e9es sont conserv\u00e9es temporairement le temps de votre navigation.<\/p>\n\n\n\n<p class=\"has-neve-text-color-color has-text-color\"><strong>Les cookies de pr\u00e9f\u00e9rences permettent de proposer des services adapt\u00e9s aux besoins des internautes.<\/strong> Ils permettent \u00e9galement de profiter de conseils personnalis\u00e9s et d\u2019offres promotionnelles en fonction de vos souhaits.<\/p>\n\n\n\n<p class=\"has-neve-text-color-color has-text-color\"><strong>Les cookies utilis\u00e9s pour mesurer et analyser le comportement des internautes lors de la navigation. <\/strong>Ces cookies permettent d&rsquo;\u00e9tablir des statistiques sur la fr\u00e9quentation et l\u2019utilisation des divers \u00e9l\u00e9ments composant le site (rubriques et contenus visit\u00e9s, parcours), lui permettant ainsi d&rsquo;am\u00e9liorer l&rsquo;int\u00e9r\u00eat et l&rsquo;ergonomie de ses contenus.<\/p>\n\n\n\n<p class=\"has-neve-text-color-color has-text-color\"><strong>Les cookies li\u00e9s aux op\u00e9rations relatives \u00e0 la publicit\u00e9.<\/strong> Ces cookies permettent d\u2019afficher, en temps r\u00e9el, le contenu le plus adapt\u00e9 aux centres d\u2019int\u00e9r\u00eat des internautes d\u00e9duits de leur navigation r\u00e9cente sur le site.<\/p>\n\n\n\n<p class=\"has-neve-text-color-color has-text-color\"><strong>Les cookies utilis\u00e9s par le service de partage de pages sur les r\u00e9seaux sociaux. <\/strong>Ces cookies permettent notamment de mesurer l\u2019usage qui est fait des diff\u00e9rents boutons de partage du contenu qu&rsquo;AlterDV propose.<\/p>\n\n\n\n<h2 class=\"has-neve-text-color-color has-text-color wp-block-heading\">protection des donn\u00e9es<\/h2>\n\n\n\n<p class=\"has-neve-text-color-color has-text-color\">Vos donn\u00e9es sont crypt\u00e9es et stock\u00e9es dans une base de donn\u00e9es, h\u00e9berg\u00e9e sur un serveur s\u00e9curis\u00e9.<\/p>\n\n\n\n<p><\/p>\n\n\n\n<div style=\"height:40px\" aria-hidden=\"true\" class=\"wp-block-spacer\"><\/div>\n\n\n\n<p><\/p>\n<\/div><\/div>\n<\/div><\/div>\n\n\n\n<div style=\"height:100px\" aria-hidden=\"true\" class=\"wp-block-spacer\"><\/div>\n","protected":false},"excerpt":{"rendered":"","protected":false},"author":1,"featured_media":0,"parent":0,"menu_order":0,"comment_status":"closed","ping_status":"closed","template":"","meta":{"neve_meta_sidebar":"default","neve_meta_container":"","neve_meta_enable_content_width":"on","neve_meta_content_width":100,"neve_meta_title_alignment":"","neve_meta_author_avatar":"","neve_post_elements_order":"","neve_meta_disable_header":"","neve_meta_disable_footer":"","neve_meta_disable_title":"on","_themeisle_gutenberg_block_has_review":false,"footnotes":""},"class_list":["post-1401","page","type-page","status-publish","hentry"],"_links":{"self":[{"href":"https:\/\/alterdv.fr\/index.php?rest_route=\/wp\/v2\/pages\/1401","targetHints":{"allow":["GET"]}}],"collection":[{"href":"https:\/\/alterdv.fr\/index.php?rest_route=\/wp\/v2\/pages"}],"about":[{"href":"https:\/\/alterdv.fr\/index.php?rest_route=\/wp\/v2\/types\/page"}],"author":[{"embeddable":true,"href":"https:\/\/alterdv.fr\/index.php?rest_route=\/wp\/v2\/users\/1"}],"replies":[{"embeddable":true,"href":"https:\/\/alterdv.fr\/index.php?rest_route=%2Fwp%2Fv2%2Fcomments&post=1401"}],"version-history":[{"count":5,"href":"https:\/\/alterdv.fr\/index.php?rest_route=\/wp\/v2\/pages\/1401\/revisions"}],"predecessor-version":[{"id":1413,"href":"https:\/\/alterdv.fr\/index.php?rest_route=\/wp\/v2\/pages\/1401\/revisions\/1413"}],"wp:attachment":[{"href":"https:\/\/alterdv.fr\/index.php?rest_route=%2Fwp%2Fv2%2Fmedia&parent=1401"}],"curies":[{"name":"wp","href":"https:\/\/api.w.org\/{rel}","templated":true}]}}