{"id":1777,"date":"2023-07-03T16:18:13","date_gmt":"2023-07-03T16:18:13","guid":{"rendered":"https:\/\/alterdv.fr\/?page_id=1777"},"modified":"2025-08-21T14:55:33","modified_gmt":"2025-08-21T14:55:33","slug":"ateliers-livres-sensoriels","status":"publish","type":"page","link":"https:\/\/alterdv.fr\/?page_id=1777","title":{"rendered":"Ateliers \u00ab\u00a0livres sensoriels\u00a0\u00bb"},"content":{"rendered":"\n<div style=\"height:\" aria-hidden=\"true\" class=\"wp-block-spacer\"><\/div>\n\n\n\n<div class=\"wp-block-cover alignfull\" style=\"min-height:200px;aspect-ratio:unset;\"><span aria-hidden=\"true\" class=\"wp-block-cover__background has-nv-site-bg-background-color has-background-dim-100 has-background-dim\"><\/span><div class=\"wp-block-cover__inner-container is-layout-flow wp-block-cover-is-layout-flow\">\n<div style=\"height:0px\" aria-hidden=\"true\" class=\"wp-block-spacer\"><\/div>\n\n\n\n<h1 class=\"wp-block-heading has-neve-text-color-color has-text-color\">\u00ab\u00a0La petite fabrique des sens\u00a0\u00bb<\/h1>\n<\/div><\/div>\n\n\n\n<div class=\"wp-block-cover alignfull\" style=\"min-height:776px;aspect-ratio:unset;\"><span aria-hidden=\"true\" class=\"wp-block-cover__background has-background-dim-100 has-background-dim\" style=\"background-color:#bb2649\"><\/span><div class=\"wp-block-cover__inner-container is-layout-flow wp-block-cover-is-layout-flow\">\n<div class=\"wp-block-group\"><div class=\"wp-block-group__inner-container is-layout-flow wp-block-group-is-layout-flow\">\n<div style=\"height:50px\" aria-hidden=\"true\" class=\"wp-block-spacer\"><\/div>\n\n\n\n<div class=\"wp-block-columns are-vertically-aligned-center is-layout-flex wp-container-core-columns-is-layout-9d6595d7 wp-block-columns-is-layout-flex\">\n<div class=\"wp-block-column is-vertically-aligned-center is-layout-flow wp-block-column-is-layout-flow\" style=\"flex-basis:50%\">\n<h4 class=\"wp-block-heading has-nv-site-bg-color has-text-color\">CO-CONSRUCTION DE DESSINS tactiles<\/h4>\n\n\n\n<p>D&rsquo;abord destin\u00e9 aux malvoyants et non-voyants, le \u00ab\u00a0livre \u00e0 toucher\u00a0\u00bb devient support de cr\u00e9ation et de sensibilisation pour se faire outil d&rsquo;apprentissage pour tous.tes.<\/p>\n\n\n\n<p>Au travers d&rsquo;ateliers personnalis\u00e9s \u00e0 destination des structures scolaires ou de loisirs,  les enfants d\u00e9couvrent l&rsquo;univers de la d\u00e9ficience visuelle et s&rsquo;approprient les techniques pour pouvoir inventer leurs propres images haptique et sensitives.<\/p>\n\n\n\n<p>Sans utiliser d&rsquo;outils compliqu\u00e9s ou de syst\u00e8mes sophistiqu\u00e9, m\u00eame pas besoin d&rsquo;\u00eatre bon en dessin ! Des papiers textur\u00e9s, des ciseaux, un peu de colle et beaucoup d&rsquo;imagination suffisent \u00e0 cr\u00e9er un livre inclusif.<\/p>\n\n\n\n<p><\/p>\n<\/div>\n\n\n\n<div class=\"wp-block-column is-vertically-aligned-center is-layout-flow wp-block-column-is-layout-flow\" style=\"flex-basis:50%\">\n<figure class=\"wp-block-image size-full\"><img loading=\"lazy\" decoding=\"async\" width=\"600\" height=\"600\" src=\"https:\/\/alterdv.fr\/wp-content\/uploads\/2023\/07\/Construire-un-livre-accessible-site-e1688406143217.jpg\" alt=\"\" class=\"wp-image-1790\" srcset=\"https:\/\/alterdv.fr\/wp-content\/uploads\/2023\/07\/Construire-un-livre-accessible-site-e1688406143217.jpg 600w, https:\/\/alterdv.fr\/wp-content\/uploads\/2023\/07\/Construire-un-livre-accessible-site-e1688406143217-300x300.jpg 300w, https:\/\/alterdv.fr\/wp-content\/uploads\/2023\/07\/Construire-un-livre-accessible-site-e1688406143217-150x150.jpg 150w\" sizes=\"auto, (max-width: 600px) 100vw, 600px\" \/><\/figure>\n<\/div>\n<\/div>\n\n\n\n<div class=\"wp-block-columns are-vertically-aligned-center is-layout-flex wp-container-core-columns-is-layout-9d6595d7 wp-block-columns-is-layout-flex\"><\/div>\n\n\n\n<div style=\"height:40px\" aria-hidden=\"true\" class=\"wp-block-spacer\"><\/div>\n<\/div><\/div>\n<\/div><\/div>\n\n\n\n<div id=\"wp-block-themeisle-blocks-advanced-columns-26d55b2f\" class=\"wp-block-themeisle-blocks-advanced-columns alignfull has-1-columns has-desktop-equal-layout has-tablet-equal-layout has-mobile-collapsedRows-layout has-vertical-center ticss-c00aadba has-light-bg\"><div class=\"wp-block-themeisle-blocks-advanced-columns-overlay\"><\/div><div class=\"innerblocks-wrap\">\n<div id=\"wp-block-themeisle-blocks-advanced-column-45aab590\" class=\"wp-block-themeisle-blocks-advanced-column\">\n<div id=\"wp-block-themeisle-blocks-advanced-columns-e31ada29\" class=\"wp-block-themeisle-blocks-advanced-columns has-1-columns has-desktop-equal-layout has-tablet-equal-layout has-mobile-equal-layout has-vertical-center\"><div class=\"wp-block-themeisle-blocks-advanced-columns-overlay\"><\/div><div class=\"innerblocks-wrap\">\n<div id=\"wp-block-themeisle-blocks-advanced-column-5661f62c\" class=\"wp-block-themeisle-blocks-advanced-column\">\n<p class=\"has-text-align-left has-nv-dark-bg-color has-text-color has-medium-font-size\"><\/p>\n\n\n\n<h2 class=\"wp-block-heading has-text-color\" style=\"color:#f5a523\"><strong>ALORS ENVIE D&rsquo;UN PROJET \u00c9DUCATIF DIFF\u00c9RENT \u00c0 FAIRE EN GROUPE ?<\/strong><\/h2>\n\n\n\n<div class=\"wp-block-group\"><div class=\"wp-block-group__inner-container is-layout-flow wp-block-group-is-layout-flow\">\n<h4 class=\"wp-block-heading has-text-color\" style=\"color:#bb2649\">pourquoi pas vous !<\/h4>\n\n\n\n<p class=\"has-neve-text-color-color has-text-color\"><strong>&nbsp;D&rsquo;abord destin\u00e9 aux malvoyants et non-voyants, le \u00ab\u00a0livre \u00e0 toucher\u00a0\u00bb devient support de cr\u00e9ation et de sensibilisation pour se faire outil d&rsquo;apprentissage pour tous.tes.<\/strong><\/p>\n\n\n\n<p class=\"has-text-align-left has-neve-text-color-color has-text-color\"><strong>Avec la co-construction de livres tactiles, aidez les enfants \u00e0 :<\/strong><\/p>\n<\/div><\/div>\n\n\n\n<ul class=\"wp-block-list\">\n<li><strong>Changer leurs regards sur le handicap<\/strong> visuel et \u00e0 les sensibiliser \u00e0 la diversit\u00e9<\/li>\n<\/ul>\n\n\n\n<ul class=\"wp-block-list\">\n<li><strong>R\u00e9fl\u00e9chir et \u00e9changer<\/strong> sur le sens du toucher<\/li>\n<\/ul>\n\n\n\n<ul class=\"wp-block-list\">\n<li><strong>D\u00e9couvrir<\/strong> une autre mani\u00e8re de lire<\/li>\n<\/ul>\n\n\n\n<ul class=\"wp-block-list\">\n<li><strong>Se mettre au c\u0153ur<\/strong> d\u2019un processus cr\u00e9atif<\/li>\n<\/ul>\n\n\n\n<ul class=\"wp-block-list\">\n<li>et pourquoi pas <strong>s\u2019inclure dans un projet p\u00e9dagogique<\/strong> annuel avec un fil conducteur th\u00e9matique !<\/li>\n<\/ul>\n<\/div>\n<\/div><\/div>\n<\/div>\n<\/div><\/div>\n\n\n\n<div class=\"wp-block-cover alignfull\" style=\"min-height:1034px;aspect-ratio:unset;\"><span aria-hidden=\"true\" class=\"wp-block-cover__background has-nv-light-bg-background-color has-background-dim-100 has-background-dim\"><\/span><div class=\"wp-block-cover__inner-container is-layout-flow wp-block-cover-is-layout-flow\">\n<div class=\"wp-block-group\"><div class=\"wp-block-group__inner-container is-layout-flow wp-block-group-is-layout-flow\">\n<div style=\"height:50px\" aria-hidden=\"true\" class=\"wp-block-spacer\"><\/div>\n\n\n\n<h2 class=\"wp-block-heading has-text-color\" style=\"color:#f5a523\">une initiation \u00e0 la fois ludique, p\u00e9dagogique et artistique !<\/h2>\n\n\n\n<div class=\"wp-block-group\"><div class=\"wp-block-group__inner-container is-layout-flow wp-block-group-is-layout-flow\">\n<h4 class=\"wp-block-heading has-text-color\" style=\"color:#bb2649\">du sc\u00e9nario \u00e0 l&rsquo;objet finalis\u00e9, je vous accompagne tout au long du parcours.<\/h4>\n\n\n\n<p class=\"has-neve-text-color-color has-text-color\"><strong>&nbsp;D&rsquo;abord destin\u00e9 aux malvoyants et non-voyants, le \u00ab\u00a0livre \u00e0 toucher\u00a0\u00bb devient support de cr\u00e9ation et de sensibilisation pour se faire outil d&rsquo;apprentissage pour tous.tes.<\/strong><\/p>\n<\/div><\/div>\n\n\n\n<div class=\"wp-block-group\"><div class=\"wp-block-group__inner-container is-layout-constrained wp-block-group-is-layout-constrained\">\n<div class=\"wp-block-columns are-vertically-aligned-center is-layout-flex wp-container-core-columns-is-layout-9d6595d7 wp-block-columns-is-layout-flex\">\n<div class=\"wp-block-column is-vertically-aligned-center is-layout-flow wp-block-column-is-layout-flow\" style=\"flex-basis:50%\">\n<figure class=\"wp-block-image size-large\"><img loading=\"lazy\" decoding=\"async\" width=\"1024\" height=\"1007\" src=\"https:\/\/alterdv.fr\/wp-content\/uploads\/2023\/07\/Construire-un-livre-accessible-site2-1024x1007.jpg\" alt=\"Construire un livre tactile. Les \u00e9tapes de la cr\u00e9ation \u00e0 l'objet fini.\" class=\"wp-image-1806\" srcset=\"https:\/\/alterdv.fr\/wp-content\/uploads\/2023\/07\/Construire-un-livre-accessible-site2-1024x1007.jpg 1024w, https:\/\/alterdv.fr\/wp-content\/uploads\/2023\/07\/Construire-un-livre-accessible-site2-300x295.jpg 300w, https:\/\/alterdv.fr\/wp-content\/uploads\/2023\/07\/Construire-un-livre-accessible-site2-768x755.jpg 768w, https:\/\/alterdv.fr\/wp-content\/uploads\/2023\/07\/Construire-un-livre-accessible-site2-1536x1511.jpg 1536w, https:\/\/alterdv.fr\/wp-content\/uploads\/2023\/07\/Construire-un-livre-accessible-site2-2048x2014.jpg 2048w\" sizes=\"auto, (max-width: 1024px) 100vw, 1024px\" \/><\/figure>\n<\/div>\n\n\n\n<div class=\"wp-block-column is-layout-flow wp-block-column-is-layout-flow\" style=\"flex-basis:50%\">\n<p class=\"has-nv-dark-bg-color has-text-color\"><strong>LES \u00c9TAPES CL\u00c9S DU PROJET :<\/strong><\/p>\n\n\n\n<ul class=\"wp-block-list has-nv-dark-bg-color has-text-color\">\n<li>Le projet d\u00e9bute par une petite d\u00e9couverte des sp\u00e9cificit\u00e9s des albums tactiles illustr\u00e9s et de la d\u00e9ficience visuelle.<\/li>\n<\/ul>\n\n\n\n<ul class=\"wp-block-list has-nv-dark-bg-color has-text-color\">\n<li>Puis par petits groupes les enfants cr\u00e9ent le sc\u00e9nario, le r\u00e9cit ou les dialogues et les illustrations textur\u00e9es.<\/li>\n<\/ul>\n\n\n\n<ul class=\"wp-block-list has-nv-dark-bg-color has-text-color\">\n<li>\u00c0 la fin de l&rsquo;atelier, chaque enfant a un r\u00e9sultat diff\u00e9rent et repart avec l&rsquo;objet qu\u2019il a r\u00e9alis\u00e9*.<\/li>\n<\/ul>\n\n\n\n<p class=\"has-nv-dark-bg-color has-text-color\">Au fil des s\u00e9ances, les enfants apprennent \u00e0 lire par le toucher et se questionnent sur le handicap. La magie a op\u00e9r\u00e9 et l&rsquo;objet livre est devenu un v\u00e9ritable outil de sensibilisation et d&rsquo;inclusion !<\/p>\n<\/div>\n<\/div>\n<\/div><\/div>\n\n\n\n<p class=\"has-nv-dark-bg-color has-text-color\">*L\u2019atelier pourra \u00eatre diff\u00e9rent selon l\u2019\u00e2ge des participants, la taille du groupe et la dur\u00e9e totale du projet.<\/p>\n\n\n\n<div style=\"height:40px\" aria-hidden=\"true\" class=\"wp-block-spacer\"><\/div>\n<\/div><\/div>\n<\/div><\/div>\n\n\n\n<div style=\"height:50px\" aria-hidden=\"true\" class=\"wp-block-spacer\"><\/div>\n\n\n\n<h2 class=\"wp-block-heading has-text-color\" style=\"color:#f5a523\">DANS LA VALISE :<\/h2>\n\n\n\n<h4 class=\"wp-block-heading has-nv-c-2-color has-text-color\">De mon c\u00f4t\u00e9&nbsp;:<\/h4>\n\n\n\n<ul class=\"wp-block-list\">\n<li>Accompagnement tout au long du processus cr\u00e9atif, de la conception \u00e0 la construction du livre sur la th\u00e9matique choisie. Guidage pour le sc\u00e9nario, les dialogues et les illustrations tactiles<\/li>\n\n\n\n<li>Initiation au braille et \u00e0 sensibilisation \u00e0 la d\u00e9ficience visuelle<\/li>\n\n\n\n<li>Pr\u00eat de tablette braille, poin\u00e7on et alphabets braille<\/li>\n\n\n\n<li>Fourniture des textes finals en braille et caract\u00e8res agrandis.<\/li>\n<\/ul>\n\n\n\n<h4 class=\"wp-block-heading has-nv-c-2-color has-text-color\">Et du v\u00f4tre&nbsp;:<\/h4>\n\n\n\n<ul class=\"wp-block-list\">\n<li>Outils de d\u00e9coupe\/collage<\/li>\n\n\n\n<li>Papiers, mati\u00e8res vari\u00e9es et gommettes tactiles<\/li>\n\n\n\n<li>Ressources humaines et petites mains adultes (bienvenues)<\/li>\n<\/ul>\n\n\n\n<h4 class=\"wp-block-heading has-nv-c-2-color has-text-color\">Possibilit\u00e9 d\u2019ajouter&nbsp;:<\/h4>\n\n\n\n<ul class=\"wp-block-list\">\n<li>Papiers, mati\u00e8res vari\u00e9es et gommettes tactiles.<\/li>\n\n\n\n<li>Livres supports \u00ab\u00a0pr\u00eat \u00e0 cr\u00e9er\u00a0\u00bb<\/li>\n\n\n\n<li>\u00ab\u00a0Quand La technologie s\u2019invite dans le livre\u00a0\u00bb&nbsp;: ajout d\u2019\u00e9l\u00e9ments interactifs pour d\u00e9passer le sens du toucher et permettre une plus grande immersion encore dans l\u2019histoire.<\/li>\n\n\n\n<li>Suivant l&rsquo;\u00e2ge des participants, une sensibilisation \u00e0 l&rsquo;\u00e9criture braille est possible, pour montrer aux enfants qu&rsquo;il n&rsquo;y a pas que le dessin qui passe par les doigts, mais aussi le texte.<\/li>\n\n\n\n<li>Une d\u00e9couverte sensorielle peut aussi \u00eatre propos\u00e9e aux enfants, par le biais de jeux tactiles \u201c\u00e0 l\u2019aveugle\u201d et de mise en situation.<\/li>\n<\/ul>\n\n\n\n<div class=\"wp-block-columns is-layout-flex wp-container-core-columns-is-layout-9d6595d7 wp-block-columns-is-layout-flex\">\n<div class=\"wp-block-column is-layout-flow wp-block-column-is-layout-flow\" style=\"flex-basis:100%\">\n<h2 class=\"wp-block-heading has-nv-site-bg-color has-text-color\"><\/h2>\n<\/div>\n<\/div>\n\n\n\n<div class=\"wp-block-cover alignfull\" style=\"min-height:300px;aspect-ratio:unset;\"><span aria-hidden=\"true\" class=\"wp-block-cover__background has-nv-light-bg-background-color has-background-dim-100 has-background-dim\"><\/span><div class=\"wp-block-cover__inner-container is-layout-flow wp-block-cover-is-layout-flow\">\n<div style=\"height:50px\" aria-hidden=\"true\" class=\"wp-block-spacer\"><\/div>\n\n\n\n<h2 class=\"wp-block-heading has-text-align-center has-nv-dark-bg-color has-nv-light-bg-background-color has-text-color has-background\">Travaillons ensemble sur votre prochain projet<\/h2>\n\n\n\n<p class=\"has-text-align-center has-nv-dark-bg-color has-text-color\"><strong>N&rsquo;h\u00e9sitez pas \u00e0 me contacter pour toutes vos demandes de transcription-adaptation,<br>je vous apporterai un retour clair et pr\u00e9cis.<\/strong><\/p>\n\n\n\n<div class=\"wp-block-buttons is-horizontal is-content-justification-center is-layout-flex wp-container-core-buttons-is-layout-499968f5 wp-block-buttons-is-layout-flex\">\n<div class=\"wp-block-button is-style-primary\"><a class=\"wp-block-button__link has-background wp-element-button\" href=\"https:\/\/alterdv.fr\/wp-admin\/post.php?post=75&amp;action=edit\" style=\"background-color:#f5a523\">CONTACTEZ MOI<\/a><\/div>\n<\/div>\n\n\n\n<div style=\"height:40px\" aria-hidden=\"true\" class=\"wp-block-spacer\"><\/div>\n<\/div><\/div>\n","protected":false},"excerpt":{"rendered":"<p>DANS LA VALISE : De mon c\u00f4t\u00e9&nbsp;: Et du v\u00f4tre&nbsp;: Possibilit\u00e9 d\u2019ajouter&nbsp;:<\/p>\n","protected":false},"author":1,"featured_media":0,"parent":0,"menu_order":0,"comment_status":"closed","ping_status":"closed","template":"","meta":{"neve_meta_sidebar":"default","neve_meta_container":"contained","neve_meta_enable_content_width":"on","neve_meta_content_width":100,"neve_meta_title_alignment":"","neve_meta_author_avatar":"","neve_post_elements_order":"","neve_meta_disable_header":"","neve_meta_disable_footer":"","neve_meta_disable_title":"on","_themeisle_gutenberg_block_has_review":false,"footnotes":""},"class_list":["post-1777","page","type-page","status-publish","hentry"],"_links":{"self":[{"href":"https:\/\/alterdv.fr\/index.php?rest_route=\/wp\/v2\/pages\/1777","targetHints":{"allow":["GET"]}}],"collection":[{"href":"https:\/\/alterdv.fr\/index.php?rest_route=\/wp\/v2\/pages"}],"about":[{"href":"https:\/\/alterdv.fr\/index.php?rest_route=\/wp\/v2\/types\/page"}],"author":[{"embeddable":true,"href":"https:\/\/alterdv.fr\/index.php?rest_route=\/wp\/v2\/users\/1"}],"replies":[{"embeddable":true,"href":"https:\/\/alterdv.fr\/index.php?rest_route=%2Fwp%2Fv2%2Fcomments&post=1777"}],"version-history":[{"count":24,"href":"https:\/\/alterdv.fr\/index.php?rest_route=\/wp\/v2\/pages\/1777\/revisions"}],"predecessor-version":[{"id":1997,"href":"https:\/\/alterdv.fr\/index.php?rest_route=\/wp\/v2\/pages\/1777\/revisions\/1997"}],"wp:attachment":[{"href":"https:\/\/alterdv.fr\/index.php?rest_route=%2Fwp%2Fv2%2Fmedia&parent=1777"}],"curies":[{"name":"wp","href":"https:\/\/api.w.org\/{rel}","templated":true}]}}