{"id":2023,"date":"2025-08-21T18:45:54","date_gmt":"2025-08-21T18:45:54","guid":{"rendered":"https:\/\/alterdv.fr\/?page_id=2023"},"modified":"2025-08-22T08:02:54","modified_gmt":"2025-08-22T08:02:54","slug":"les-tarifs-2","status":"publish","type":"page","link":"https:\/\/alterdv.fr\/?page_id=2023","title":{"rendered":"Les tarifs"},"content":{"rendered":"\n<div class=\"wp-block-cover alignfull has-medium-font-size\" style=\"min-height:200px;aspect-ratio:unset;\"><span aria-hidden=\"true\" class=\"wp-block-cover__background has-nv-site-bg-background-color has-background-dim-100 has-background-dim\"><\/span><div class=\"wp-block-cover__inner-container is-layout-flow wp-block-cover-is-layout-flow\">\n<div class=\"wp-block-group\"><div class=\"wp-block-group__inner-container is-layout-flow wp-block-group-is-layout-flow\">\n<h1 class=\"wp-block-heading has-text-align-left has-neve-text-color-color has-text-color\" style=\"text-transform:none\">ce que je propose<\/h1>\n<\/div><\/div>\n<\/div><\/div>\n\n\n\n<div id=\"wp-block-themeisle-blocks-advanced-columns-784450ff\" class=\"wp-block-themeisle-blocks-advanced-columns alignfull has-1-columns has-desktop-equal-layout has-tablet-equal-layout has-mobile-collapsedRows-layout has-vertical-center ticss-c00aadba has-light-bg\"><div class=\"wp-block-themeisle-blocks-advanced-columns-overlay\"><\/div><div class=\"innerblocks-wrap\">\n<div id=\"wp-block-themeisle-blocks-advanced-column-d0fbfc0a\" class=\"wp-block-themeisle-blocks-advanced-column\">\n<div id=\"wp-block-themeisle-blocks-advanced-columns-b326aa4d\" class=\"wp-block-themeisle-blocks-advanced-columns has-1-columns has-desktop-equal-layout has-tablet-equal-layout has-mobile-equal-layout has-vertical-center\"><div class=\"wp-block-themeisle-blocks-advanced-columns-overlay\"><\/div><div class=\"innerblocks-wrap\">\n<div id=\"wp-block-themeisle-blocks-advanced-column-3567d86b\" class=\"wp-block-themeisle-blocks-advanced-column\">\n<h2 id=\"wp-block-themeisle-blocks-advanced-heading-d5f71f32\" class=\"wp-block-themeisle-blocks-advanced-heading wp-block-themeisle-blocks-advanced-heading-d5f71f32\">mes prestations<\/h2>\n\n\n\n<p class=\"has-text-align-left has-neve-text-color-color has-text-color has-medium-font-size\"><strong>accessibilit\u00e9, formation et accompagnement Des services sp\u00e9cialis\u00e9s pour rendre l&rsquo;information, l&rsquo;apprentissage et la communication&nbsp;accessibles \u00e0 tous, notamment aux personnes en situation de handicap visuel, cognitif ou avec des troubles DYS, TSA, etc.<\/strong><\/p>\n\n\n\n<p class=\"has-nv-site-bg-color has-text-color\"><\/p>\n\n\n\n<p>\u2022 <strong>Transcription et adaptation de contenus<\/strong>&nbsp;pour les publics emp\u00each\u00e9s de lire<\/p>\n\n\n\n<p>\u2022 <strong>Formation<\/strong>&nbsp;\u00e0 la cr\u00e9ation de contenus adapt\u00e9s<\/p>\n\n\n\n<p>\u2022 <strong>Accompagnement p\u00e9dagogique et soutien scolaire<\/strong>&nbsp;pour les jeunes ayant des besoins sp\u00e9cifiques<\/p>\n\n\n\n<p>\ud83d\udcc2&nbsp;<strong>T\u00e9l\u00e9chargez les fiches de tarifs d\u00e9taill\u00e9es :<\/strong><\/p>\n\n\n\n<p class=\"has-nv-dark-bg-color has-text-color has-link-color wp-elements-329da4707fe4791a78f716b27838c49d\">\ud83d\udcc4 <a href=\"https:\/\/alterdv.fr\/wp-content\/uploads\/2025\/08\/Adaptation-contenus.pdf\"><\/a><a href=\"https:\/\/alterdv.fr\/wp-content\/uploads\/2025\/08\/Adaptation-contenus.pdf\">Tarifs \u2013 Adaptation de contenus<\/a><\/p>\n\n\n\n<p class=\"has-nv-dark-bg-color has-text-color has-link-color wp-elements-e35f4b3f1d75e3995d256ce617824d98\"><a href=\"https:\/\/alterdv.fr\/wp-content\/uploads\/2025\/08\/Formation-communication-accessible.pdf\">\ud83d\udcc4 <\/a><a href=\"https:\/\/alterdv.fr\/wp-content\/uploads\/2025\/08\/fiche-alterdv.pdf\"><\/a><a href=\"https:\/\/alterdv.fr\/wp-content\/uploads\/2025\/08\/Formation-communication-accessible.pdf\">Tarifs \u2013 Formation accessibilit\u00e9<\/a><\/p>\n\n\n\n<p class=\"has-nv-dark-bg-color has-text-color has-link-color wp-elements-6057131e020a4e924257df66efa1f421\"><a href=\"https:\/\/alterdv.fr\/wp-content\/uploads\/2025\/08\/Accompagnement-inclusif.pdf\">\ud83d\udcc4 <\/a><a href=\"https:\/\/alterdv.fr\/wp-content\/uploads\/2025\/08\/fiche-alterdv.pdf\"><\/a><a href=\"https:\/\/alterdv.fr\/wp-content\/uploads\/2025\/08\/Accompagnement-inclusif.pdf\">Tarifs \u2013 Accompagnement &amp; aide aux devoirs inclusifs <\/a><\/p>\n\n\n\n<p class=\"has-nv-dark-bg-color has-text-color\">\ud83d\udcec Pour toute demande personnalis\u00e9e ou devis sur mesure, n\u2019h\u00e9sitez pas \u00e0 me contacter.<\/p>\n\n\n\n<div class=\"wp-block-buttons is-content-justification-center is-layout-flex wp-container-core-buttons-is-layout-16018d1d wp-block-buttons-is-layout-flex\">\n<div class=\"wp-block-button is-style-primary\"><a class=\"wp-block-button__link has-background wp-element-button\" style=\"background-color:#f5a523\">Contactez moi<\/a><\/div>\n<\/div>\n<\/div>\n<\/div><\/div>\n<\/div>\n<\/div><\/div>\n\n\n\n<div style=\"height:100px\" aria-hidden=\"true\" class=\"wp-block-spacer\"><\/div>\n\n\n\n<p><\/p>\n","protected":false},"excerpt":{"rendered":"","protected":false},"author":1,"featured_media":0,"parent":0,"menu_order":0,"comment_status":"closed","ping_status":"closed","template":"","meta":{"neve_meta_sidebar":"full-width","neve_meta_container":"","neve_meta_enable_content_width":"on","neve_meta_content_width":100,"neve_meta_title_alignment":"left","neve_meta_author_avatar":"","neve_post_elements_order":"","neve_meta_disable_header":"","neve_meta_disable_footer":"","neve_meta_disable_title":"on","_themeisle_gutenberg_block_has_review":false,"footnotes":""},"class_list":["post-2023","page","type-page","status-publish","hentry"],"_links":{"self":[{"href":"https:\/\/alterdv.fr\/index.php?rest_route=\/wp\/v2\/pages\/2023","targetHints":{"allow":["GET"]}}],"collection":[{"href":"https:\/\/alterdv.fr\/index.php?rest_route=\/wp\/v2\/pages"}],"about":[{"href":"https:\/\/alterdv.fr\/index.php?rest_route=\/wp\/v2\/types\/page"}],"author":[{"embeddable":true,"href":"https:\/\/alterdv.fr\/index.php?rest_route=\/wp\/v2\/users\/1"}],"replies":[{"embeddable":true,"href":"https:\/\/alterdv.fr\/index.php?rest_route=%2Fwp%2Fv2%2Fcomments&post=2023"}],"version-history":[{"count":8,"href":"https:\/\/alterdv.fr\/index.php?rest_route=\/wp\/v2\/pages\/2023\/revisions"}],"predecessor-version":[{"id":2043,"href":"https:\/\/alterdv.fr\/index.php?rest_route=\/wp\/v2\/pages\/2023\/revisions\/2043"}],"wp:attachment":[{"href":"https:\/\/alterdv.fr\/index.php?rest_route=%2Fwp%2Fv2%2Fmedia&parent=2023"}],"curies":[{"name":"wp","href":"https:\/\/api.w.org\/{rel}","templated":true}]}}