{"id":61,"date":"2020-01-23T18:21:52","date_gmt":"2020-01-23T18:21:52","guid":{"rendered":"https:\/\/demosites.io\/web-agency-gb\/?page_id=61"},"modified":"2023-04-05T08:40:12","modified_gmt":"2023-04-05T08:40:12","slug":"15c42-web-agency-gb-about-us","status":"publish","type":"page","link":"https:\/\/alterdv.fr\/?page_id=61","title":{"rendered":"\u00c0 propos de moi"},"content":{"rendered":"\n<div class=\"wp-block-cover alignfull\" style=\"min-height:200px;aspect-ratio:unset;\"><span aria-hidden=\"true\" class=\"wp-block-cover__background has-nv-site-bg-background-color has-background-dim-100 has-background-dim\"><\/span><div class=\"wp-block-cover__inner-container is-layout-flow wp-block-cover-is-layout-flow\">\n<div class=\"wp-block-group\"><div class=\"wp-block-group__inner-container is-layout-flow wp-block-group-is-layout-flow\">\n<h1 class=\"wp-block-heading has-text-align-left has-neve-text-color-color has-text-color\" style=\"text-transform:none\">Plus qu&rsquo;un m\u00e9tier&#8230;<\/h1>\n<\/div><\/div>\n<\/div><\/div>\n\n\n\n<div class=\"wp-block-cover alignfull\" style=\"min-height:420px;aspect-ratio:unset;\"><span aria-hidden=\"true\" class=\"wp-block-cover__background has-nv-light-bg-background-color has-background-dim-100 has-background-dim\"><\/span><div class=\"wp-block-cover__inner-container is-layout-flow wp-block-cover-is-layout-flow\">\n<div style=\"height:80px\" aria-hidden=\"true\" class=\"wp-block-spacer\"><\/div>\n\n\n\n<div class=\"wp-block-columns is-layout-flex wp-container-core-columns-is-layout-9d6595d7 wp-block-columns-is-layout-flex\">\n<div class=\"wp-block-column ticss-4ce656f1 is-layout-flow wp-block-column-is-layout-flow\">\n<figure class=\"wp-block-image size-large icon-style is-style-rounded\"><img decoding=\"async\" src=\"https:\/\/alterdv.fr\/wp-content\/uploads\/2020\/01\/neve-webdesign-GB-03.png\" alt=\"\"\/><\/figure>\n\n\n\n<h3 class=\"wp-block-heading has-text-align-left has-text-align-center has-neve-text-color-color has-text-color\">Super efficace<\/h3>\n\n\n\n<ul class=\"has-nv-dark-bg-color has-text-color wp-block-list\">\n<li>Un d\u00e9lai de <strong>r\u00e9ponse ultra-rapide<\/strong> mais pr\u00e9cis<\/li>\n\n\n\n<li>un <strong>devis juste<\/strong>, <strong>souple <\/strong>et <strong>pond\u00e9r\u00e9<\/strong><\/li>\n\n\n\n<li>une <strong>transcription-adaptation<\/strong> de <strong>qualit\u00e9<\/strong><\/li>\n\n\n\n<li>un <strong>suivi post-commande<\/strong> syst\u00e9matique.<\/li>\n<\/ul>\n\n\n\n<div style=\"height:20px\" aria-hidden=\"true\" class=\"wp-block-spacer\"><\/div>\n<\/div>\n\n\n\n<div class=\"wp-block-column ticss-f6fc7494 is-layout-flow wp-block-column-is-layout-flow\">\n<figure class=\"wp-block-image size-large icon-style is-style-rounded\"><img decoding=\"async\" src=\"https:\/\/alterdv.fr\/wp-content\/uploads\/2020\/01\/neve-webdesign-GB-03.png\" alt=\"\"\/><\/figure>\n\n\n\n<h3 class=\"wp-block-heading has-text-align-left has-text-align-center has-neve-text-color-color has-text-color\">Profond\u00e9ment engag\u00e9<\/h3>\n\n\n\n<p class=\"has-nv-dark-bg-color has-text-color\">Mon <strong>objectif premier<\/strong> : <strong>contribuer \u00e0 l\u2019inclusion<\/strong> sociale, culturelle, scolaire et professionnelle des personnes en situation de handicap, notamment <strong>gr\u00e2ce aux technologies num\u00e9riques et aux supports adapt\u00e9s<\/strong>.<br>Bref, \u00eatre un <strong>facilitateur de lecture<\/strong>.<\/p>\n\n\n\n<div style=\"height:20px\" aria-hidden=\"true\" class=\"wp-block-spacer\"><\/div>\n<\/div>\n\n\n\n<div class=\"wp-block-column ticss-a5b4df29 is-layout-flow wp-block-column-is-layout-flow\">\n<figure class=\"wp-block-image size-large icon-style is-style-rounded\"><img decoding=\"async\" src=\"https:\/\/alterdv.fr\/wp-content\/uploads\/2020\/01\/neve-webdesign-GB-03.png\" alt=\"\"\/><\/figure>\n\n\n\n<h3 class=\"wp-block-heading has-text-align-left has-text-align-center has-neve-text-color-color has-text-color\">Hautement qualifi\u00e9<\/h3>\n\n\n\n<ul class=\"has-nv-dark-bg-color has-text-color wp-block-list\">\n<li><strong>Plus de 10 ans d&rsquo;exp\u00e9rience <\/strong>dans le domaine de l&rsquo;adaptation de documents<\/li>\n\n\n\n<li><strong>Licence Universitaire de transcripteur-adaptateur en braille et caract\u00e8re agrandi<\/strong> <\/li>\n\n\n\n<li>De <strong>multiples v\u00e9cus<\/strong> professionnels en <strong>p\u00e9dagogie<\/strong> et <strong>aide aux apprentissages<\/strong><\/li>\n\n\n\n<li>Un statut d&rsquo;<strong>ind\u00e9pendant  accompli<\/strong>.<\/li>\n<\/ul>\n\n\n\n<div style=\"height:20px\" aria-hidden=\"true\" class=\"wp-block-spacer\"><\/div>\n<\/div>\n<\/div>\n\n\n\n<div style=\"height:30px\" aria-hidden=\"true\" class=\"wp-block-spacer\"><\/div>\n<\/div><\/div>\n\n\n\n<div class=\"wp-block-cover alignfull\" style=\"min-height:450px;aspect-ratio:unset;\"><span aria-hidden=\"true\" class=\"wp-block-cover__background has-background-dim-100 has-background-dim\" style=\"background-color:#bb2649\"><\/span><div class=\"wp-block-cover__inner-container is-layout-flow wp-block-cover-is-layout-flow\">\n<div class=\"wp-block-group\"><div class=\"wp-block-group__inner-container is-layout-flow wp-block-group-is-layout-flow\">\n<div style=\"height:50px\" aria-hidden=\"true\" class=\"wp-block-spacer\"><\/div>\n\n\n\n<div class=\"wp-block-columns are-vertically-aligned-center is-layout-flex wp-container-core-columns-is-layout-9d6595d7 wp-block-columns-is-layout-flex\">\n<div class=\"wp-block-column is-vertically-aligned-center is-layout-flow wp-block-column-is-layout-flow\" style=\"flex-basis:50%\">\n<h2 class=\"wp-block-heading has-nv-text-dark-bg-color has-text-color\">&#8230;des valeurs<\/h2>\n\n\n\n<p><strong>Je ne travaille pas \u00ab\u00a0POUR\u00a0\u00bb mais \u00ab\u00a0AVEC\u00a0\u00bb des collaborateurs et\/ou des usagers. Le lien est indispensable pour concr\u00e9tiser une adaptation-transcription<\/strong><\/p>\n\n\n\n<p><strong>\u00c9tablir une relation professionnelle forte bas\u00e9e sur l&rsquo;\u00e9change. L&rsquo;accompagnement c&rsquo;est pour moi la cl\u00e9 d&rsquo;une collaboration r\u00e9ussie pour l&rsquo;inclusion des personnes en situation de handicap !<\/strong><\/p>\n\n\n\n<p class=\"has-text-align-left\" style=\"text-transform:uppercase\"><strong>Mon LEITMOTIV&rsquo;<\/strong> : <strong>communication active<\/strong> <strong>+ travail ensemble<\/strong> <strong>+ confiance\/transparence<\/strong> <strong>= r\u00e9ussite !<\/strong><\/p>\n\n\n\n<div style=\"height:20px\" aria-hidden=\"true\" class=\"wp-block-spacer\"><\/div>\n<\/div>\n\n\n\n<div class=\"wp-block-column is-vertically-aligned-center is-layout-flow wp-block-column-is-layout-flow\" style=\"flex-basis:50%\">\n<figure class=\"wp-block-image size-full is-resized\"><img loading=\"lazy\" decoding=\"async\" src=\"https:\/\/alterdv.fr\/wp-content\/uploads\/2023\/03\/equipe.jpg\" alt=\"\" class=\"wp-image-1696\" width=\"600\" height=\"600\" srcset=\"https:\/\/alterdv.fr\/wp-content\/uploads\/2023\/03\/equipe.jpg 600w, https:\/\/alterdv.fr\/wp-content\/uploads\/2023\/03\/equipe-300x300.jpg 300w, https:\/\/alterdv.fr\/wp-content\/uploads\/2023\/03\/equipe-150x150.jpg 150w\" sizes=\"auto, (max-width: 600px) 100vw, 600px\" \/><\/figure>\n<\/div>\n<\/div>\n\n\n\n<div style=\"height:40px\" aria-hidden=\"true\" class=\"wp-block-spacer\"><\/div>\n<\/div><\/div>\n<\/div><\/div>\n\n\n\n<div class=\"wp-block-cover alignfull\" style=\"min-height:450px;aspect-ratio:unset;\"><span aria-hidden=\"true\" class=\"wp-block-cover__background has-nv-site-bg-background-color has-background-dim-100 has-background-dim\"><\/span><div class=\"wp-block-cover__inner-container is-layout-flow wp-block-cover-is-layout-flow\">\n<div class=\"wp-block-group\"><div class=\"wp-block-group__inner-container is-layout-flow wp-block-group-is-layout-flow\">\n<div style=\"height:50px\" aria-hidden=\"true\" class=\"wp-block-spacer\"><\/div>\n\n\n\n<div class=\"wp-block-columns are-vertically-aligned-center has-neve-text-color-color has-text-color is-layout-flex wp-container-core-columns-is-layout-9d6595d7 wp-block-columns-is-layout-flex\">\n<div class=\"wp-block-column is-vertically-aligned-center is-layout-flow wp-block-column-is-layout-flow\" style=\"flex-basis:50%\">\n<figure class=\"wp-block-image size-full is-resized\"><img loading=\"lazy\" decoding=\"async\" src=\"https:\/\/alterdv.fr\/wp-content\/uploads\/2023\/03\/plage-braille.jpg\" alt=\"\" class=\"wp-image-1694\" width=\"600\" height=\"600\" srcset=\"https:\/\/alterdv.fr\/wp-content\/uploads\/2023\/03\/plage-braille.jpg 600w, https:\/\/alterdv.fr\/wp-content\/uploads\/2023\/03\/plage-braille-300x300.jpg 300w, https:\/\/alterdv.fr\/wp-content\/uploads\/2023\/03\/plage-braille-150x150.jpg 150w\" sizes=\"auto, (max-width: 600px) 100vw, 600px\" \/><\/figure>\n<\/div>\n\n\n\n<div class=\"wp-block-column is-vertically-aligned-center is-layout-flow wp-block-column-is-layout-flow\" style=\"flex-basis:50%\">\n<h2 class=\"wp-block-heading has-neve-text-color-color has-text-color\">&#8230;Une passion<\/h2>\n\n\n\n<p style=\"font-style:normal;font-weight:700\"><br>Avec (d\u00e9j\u00e0) 10 ans d&rsquo;exp\u00e9rience en transcription braille et caract\u00e8res agrandis, je suis tomb\u00e9 \u00ab\u00a0presque par hasard\u00a0\u00bb dans cette voie professionnelle mais j&rsquo;ai tr\u00e8s vite d\u00e9velopp\u00e9 une passion pour mon m\u00e9tier. C&rsquo;est d&rsquo;ailleurs ce qui fait qu&rsquo;aujourd&rsquo;hui j&rsquo;accompagne encore des personnes DV et notamment des jeunes usagers dans leur cursus scolaire et parascolaire mais \u00e9galement des publics plus larges et dans d&rsquo;autres domaines. <\/p>\n\n\n\n<p style=\"font-style:normal;font-weight:700\">j&rsquo;ai en poche une licence Universitaire en sciences de l&rsquo;\u00e9ducation sp\u00e9cialit\u00e9 d\u00e9ficients visuels et\/ou troubles associ\u00e9s (DYS, handicaps cognitifs\u2026), un dipl\u00f4me d&rsquo;\u00c9ducateur de Vie Scolaire, plusieurs formations qualifiantes dans les outils num\u00e9rique et la communication<\/p>\n\n\n\n<p style=\"font-style:normal;font-weight:700\">J&rsquo;ai acquis, au travers de mes nombreuses exp\u00e9riences \u00e0 la fois dans le graphisme et dans l&rsquo;accompagnement scolaire et p\u00e9ri-scolaire (AESH en \u00e9cole primaire, \u00e9ducateur sp\u00e9cialis\u00e9, adaptateur de documents p\u00e9dagogiques), la patience, l&rsquo;organisation et la confiance, les 3 piliers pour moi d&rsquo;un travail r\u00e9ussi en faveur de l&rsquo;inclusion.<\/p>\n<\/div>\n<\/div>\n\n\n\n<div style=\"height:40px\" aria-hidden=\"true\" class=\"wp-block-spacer\"><\/div>\n<\/div><\/div>\n<\/div><\/div>\n\n\n\n<div class=\"wp-block-cover alignfull\" style=\"min-height:450px;aspect-ratio:unset;\"><span aria-hidden=\"true\" class=\"wp-block-cover__background has-nv-light-bg-background-color has-background-dim-100 has-background-dim\"><\/span><div class=\"wp-block-cover__inner-container is-layout-flow wp-block-cover-is-layout-flow\">\n<div class=\"wp-block-group\"><div class=\"wp-block-group__inner-container is-layout-flow wp-block-group-is-layout-flow\">\n<div style=\"height:50px\" aria-hidden=\"true\" class=\"wp-block-spacer\"><\/div>\n\n\n\n<h1 class=\"wp-block-heading has-text-align-center has-nv-dark-bg-color has-text-color\">L&rsquo;\u00e9quipe de tournage<\/h1>\n\n\n\n<div class=\"wp-block-columns is-layout-flex wp-container-core-columns-is-layout-9d6595d7 wp-block-columns-is-layout-flex\">\n<div class=\"wp-block-column is-layout-flow wp-block-column-is-layout-flow\"><div class=\"wp-block-image is-style-default\">\n<figure class=\"aligncenter size-full is-resized\"><img loading=\"lazy\" decoding=\"async\" src=\"https:\/\/alterdv.fr\/wp-content\/uploads\/2023\/03\/yannrougis2.jpg\" alt=\"\" class=\"wp-image-1030\" width=\"300\" height=\"300\" srcset=\"https:\/\/alterdv.fr\/wp-content\/uploads\/2023\/03\/yannrougis2.jpg 400w, https:\/\/alterdv.fr\/wp-content\/uploads\/2023\/03\/yannrougis2-300x300.jpg 300w, https:\/\/alterdv.fr\/wp-content\/uploads\/2023\/03\/yannrougis2-150x150.jpg 150w\" sizes=\"auto, (max-width: 300px) 100vw, 300px\" \/><\/figure><\/div>\n\n\n<h3 class=\"wp-block-heading has-text-align-center has-neve-text-color-color has-text-color\">Yann Rougis<\/h3>\n\n\n\n<p class=\"has-text-align-center has-neve-text-color-color has-text-color\">R\u00e9alisateur d&rsquo;AlterDV,<br> Transcripteur-Adaptateur de documents<\/p>\n\n\n\n<div style=\"height:40px\" aria-hidden=\"true\" class=\"wp-block-spacer\"><\/div>\n<\/div>\n\n\n\n<div class=\"wp-block-column is-layout-flow wp-block-column-is-layout-flow\"><div class=\"wp-block-image is-style-default\">\n<figure class=\"aligncenter size-full is-resized\"><img loading=\"lazy\" decoding=\"async\" src=\"https:\/\/alterdv.fr\/wp-content\/uploads\/2023\/03\/rubikcube.jpg\" alt=\"\" class=\"wp-image-626\" width=\"300\" height=\"300\" srcset=\"https:\/\/alterdv.fr\/wp-content\/uploads\/2023\/03\/rubikcube.jpg 400w, https:\/\/alterdv.fr\/wp-content\/uploads\/2023\/03\/rubikcube-300x300.jpg 300w, https:\/\/alterdv.fr\/wp-content\/uploads\/2023\/03\/rubikcube-150x150.jpg 150w\" sizes=\"auto, (max-width: 300px) 100vw, 300px\" \/><\/figure><\/div>\n\n\n<h3 class=\"wp-block-heading has-text-align-center has-neve-text-color-color has-text-color\">Mon cerveau<\/h3>\n\n\n\n<p class=\"has-text-align-center has-neve-text-color-color has-text-color\">Chef de projet,<br> Directeur de Production<\/p>\n<\/div>\n\n\n\n<div class=\"wp-block-column is-layout-flow wp-block-column-is-layout-flow\"><div class=\"wp-block-image is-style-default\">\n<figure class=\"aligncenter size-full is-resized\"><img loading=\"lazy\" decoding=\"async\" src=\"https:\/\/alterdv.fr\/wp-content\/uploads\/2023\/03\/hand2.jpg\" alt=\"\" class=\"wp-image-627\" width=\"300\" height=\"300\" srcset=\"https:\/\/alterdv.fr\/wp-content\/uploads\/2023\/03\/hand2.jpg 400w, https:\/\/alterdv.fr\/wp-content\/uploads\/2023\/03\/hand2-300x300.jpg 300w, https:\/\/alterdv.fr\/wp-content\/uploads\/2023\/03\/hand2-150x150.jpg 150w\" sizes=\"auto, (max-width: 300px) 100vw, 300px\" \/><\/figure><\/div>\n\n\n<h3 class=\"wp-block-heading has-text-align-center has-neve-text-color-color has-text-color\">Mes mains<\/h3>\n\n\n\n<p class=\"has-text-align-center has-neve-text-color-color has-text-color\">Chef machiniste,<br>Scripte et Ing\u00e9nieur du son<\/p>\n<\/div>\n<\/div>\n<\/div><\/div>\n<\/div><\/div>\n\n\n\n<div style=\"height:100px\" aria-hidden=\"true\" class=\"wp-block-spacer\"><\/div>\n","protected":false},"excerpt":{"rendered":"","protected":false},"author":1,"featured_media":0,"parent":0,"menu_order":0,"comment_status":"closed","ping_status":"closed","template":"","meta":{"neve_meta_sidebar":"default","neve_meta_container":"default","neve_meta_enable_content_width":"on","neve_meta_content_width":100,"neve_meta_title_alignment":"","neve_meta_author_avatar":"","neve_post_elements_order":"","neve_meta_disable_header":"","neve_meta_disable_footer":"","neve_meta_disable_title":"on","_themeisle_gutenberg_block_has_review":false,"footnotes":""},"class_list":["post-61","page","type-page","status-publish","hentry"],"_links":{"self":[{"href":"https:\/\/alterdv.fr\/index.php?rest_route=\/wp\/v2\/pages\/61","targetHints":{"allow":["GET"]}}],"collection":[{"href":"https:\/\/alterdv.fr\/index.php?rest_route=\/wp\/v2\/pages"}],"about":[{"href":"https:\/\/alterdv.fr\/index.php?rest_route=\/wp\/v2\/types\/page"}],"author":[{"embeddable":true,"href":"https:\/\/alterdv.fr\/index.php?rest_route=\/wp\/v2\/users\/1"}],"replies":[{"embeddable":true,"href":"https:\/\/alterdv.fr\/index.php?rest_route=%2Fwp%2Fv2%2Fcomments&post=61"}],"version-history":[{"count":36,"href":"https:\/\/alterdv.fr\/index.php?rest_route=\/wp\/v2\/pages\/61\/revisions"}],"predecessor-version":[{"id":1715,"href":"https:\/\/alterdv.fr\/index.php?rest_route=\/wp\/v2\/pages\/61\/revisions\/1715"}],"wp:attachment":[{"href":"https:\/\/alterdv.fr\/index.php?rest_route=%2Fwp%2Fv2%2Fmedia&parent=61"}],"curies":[{"name":"wp","href":"https:\/\/api.w.org\/{rel}","templated":true}]}}