{"id":781,"date":"2023-03-05T07:33:08","date_gmt":"2023-03-05T07:33:08","guid":{"rendered":"https:\/\/alterdv.fr\/?page_id=781"},"modified":"2023-03-26T14:05:40","modified_gmt":"2023-03-26T14:05:40","slug":"mon-organisation","status":"publish","type":"page","link":"https:\/\/alterdv.fr\/?page_id=781","title":{"rendered":"Mon organisation"},"content":{"rendered":"\n<div class=\"wp-block-cover alignfull\" style=\"min-height:200px;aspect-ratio:unset;\"><span aria-hidden=\"true\" class=\"wp-block-cover__background has-nv-site-bg-background-color has-background-dim-100 has-background-dim\"><\/span><div class=\"wp-block-cover__inner-container is-layout-flow wp-block-cover-is-layout-flow\">\n<div class=\"wp-block-group\"><div class=\"wp-block-group__inner-container is-layout-flow wp-block-group-is-layout-flow\">\n<div class=\"wp-block-group\"><div class=\"wp-block-group__inner-container is-layout-constrained wp-block-group-is-layout-constrained\">\n<h1 class=\"has-text-align-left has-neve-text-color-color has-text-color wp-block-heading\" style=\"text-transform:none\">De la commande au document final<\/h1>\n<\/div><\/div>\n<\/div><\/div>\n<\/div><\/div>\n\n\n\n<div id=\"wp-block-themeisle-blocks-advanced-columns-784450ff\" class=\"wp-block-themeisle-blocks-advanced-columns alignfull has-1-columns has-desktop-equal-layout has-tablet-equal-layout has-mobile-collapsedRows-layout has-vertical-center ticss-c00aadba\"><div class=\"wp-block-themeisle-blocks-advanced-columns-overlay\"><\/div><div class=\"innerblocks-wrap\">\n<div id=\"wp-block-themeisle-blocks-advanced-column-d0fbfc0a\" class=\"wp-block-themeisle-blocks-advanced-column\">\n<div id=\"wp-block-themeisle-blocks-advanced-columns-f32a2609\" class=\"wp-block-themeisle-blocks-advanced-columns has-1-columns has-desktop-equal-layout has-tablet-equal-layout has-mobile-equal-layout has-vertical-center\"><div class=\"wp-block-themeisle-blocks-advanced-columns-overlay\"><\/div><div class=\"innerblocks-wrap\">\n<div id=\"wp-block-themeisle-blocks-advanced-column-3567d86b\" class=\"wp-block-themeisle-blocks-advanced-column\">\n<h5 class=\"wp-block-heading\" style=\"text-transform:lowercase\">Qu\u2019il s\u2019agisse d\u2019une prestation de transcription en braille, d&rsquo;une adaptation en gros caract\u00e8res, d\u2019un travail de dessin en relief ou encore d&rsquo;une descriprion audio, voici les grandes \u00e9tapes qui rythment mon intervention.<\/h5>\n\n\n\n<h5 class=\"wp-block-heading\" style=\"text-transform:lowercase\">Une fois vos besoins d\u00e9finis et le devis sign\u00e9 :<\/h5>\n<\/div>\n<\/div><\/div>\n\n\n\n<div id=\"wp-block-themeisle-blocks-advanced-columns-8085ff1f\" class=\"wp-block-themeisle-blocks-advanced-columns has-3-columns has-desktop-equal-layout has-tablet-equal-layout has-mobile-collapsedRows-layout has-vertical-top\"><div class=\"wp-block-themeisle-blocks-advanced-columns-overlay\"><\/div><div class=\"innerblocks-wrap\">\n<div id=\"wp-block-themeisle-blocks-advanced-column-dfb15c39\" class=\"wp-block-themeisle-blocks-advanced-column\">\n<h4 id=\"wp-block-themeisle-blocks-advanced-heading-3147d135\" class=\"wp-block-themeisle-blocks-advanced-heading wp-block-themeisle-blocks-advanced-heading-3147d135\"><strong>Vous m\u2019adressez vos contenus \u00e0 traiter<\/strong><\/h4>\n\n\n\n<figure class=\"wp-block-image size-large\"><img loading=\"lazy\" decoding=\"async\" width=\"1024\" height=\"705\" src=\"https:\/\/alterdv.fr\/wp-content\/uploads\/2023\/03\/etape1-2-1024x705.png\" alt=\"\" class=\"wp-image-1667\" srcset=\"https:\/\/alterdv.fr\/wp-content\/uploads\/2023\/03\/etape1-2-1024x705.png 1024w, https:\/\/alterdv.fr\/wp-content\/uploads\/2023\/03\/etape1-2-300x206.png 300w, https:\/\/alterdv.fr\/wp-content\/uploads\/2023\/03\/etape1-2-768x528.png 768w, https:\/\/alterdv.fr\/wp-content\/uploads\/2023\/03\/etape1-2-1536x1057.png 1536w, https:\/\/alterdv.fr\/wp-content\/uploads\/2023\/03\/etape1-2-2048x1409.png 2048w\" sizes=\"auto, (max-width: 1024px) 100vw, 1024px\" \/><\/figure>\n\n\n\n<p><strong>Par voie num\u00e9rique (ou postale si l&rsquo;original est en version papier auquel cas je vous le retourne \u00e0 la fin de la transcription-adaptation). Il peut s\u2019agir de documents textes \u00e0 transcrire, de sch\u00e9mas ou dessins \u00e0 dessiner en relief, de fichiers sons ou vid\u00e9os demandant une audio-description&#8230;<\/strong><\/p>\n\n\n\n<p><em><strong>BON \u00c0 SAVOIR : Pour faciliter le transfert, je dispose d\u2019un espace de stockage en ligne PCloud. Vous pouvez sinon opter pour le moyen de transfert de votre choix (mail, transfert en ligne type grosfichier.com, etc.).<\/strong><\/em><\/p>\n<\/div>\n\n\n\n<div id=\"wp-block-themeisle-blocks-advanced-column-ec09b220\" class=\"wp-block-themeisle-blocks-advanced-column ticss-ec09b220\">\n<h4 id=\"wp-block-themeisle-blocks-advanced-heading-869a9c1f\" class=\"wp-block-themeisle-blocks-advanced-heading wp-block-themeisle-blocks-advanced-heading-869a9c1f\"><strong>Je r\u00e9alise les travaux attendus<\/strong><\/h4>\n\n\n\n<figure class=\"wp-block-image size-large\"><img loading=\"lazy\" decoding=\"async\" width=\"1024\" height=\"704\" src=\"https:\/\/alterdv.fr\/wp-content\/uploads\/2023\/03\/etape2-1-1024x704.png\" alt=\"\" class=\"wp-image-1668\" srcset=\"https:\/\/alterdv.fr\/wp-content\/uploads\/2023\/03\/etape2-1-1024x704.png 1024w, https:\/\/alterdv.fr\/wp-content\/uploads\/2023\/03\/etape2-1-300x206.png 300w, https:\/\/alterdv.fr\/wp-content\/uploads\/2023\/03\/etape2-1-768x528.png 768w, https:\/\/alterdv.fr\/wp-content\/uploads\/2023\/03\/etape2-1-1536x1056.png 1536w, https:\/\/alterdv.fr\/wp-content\/uploads\/2023\/03\/etape2-1-2048x1408.png 2048w\" sizes=\"auto, (max-width: 1024px) 100vw, 1024px\" \/><\/figure>\n\n\n\n<p><strong>Tout se fait \u00e0 distance.<\/strong><\/p>\n\n\n\n<p><strong>Autonome, je ne vous sollicite que s\u2019il me manque une information essentielle que vous seul(e) pouvez me fournir.<\/strong><\/p>\n\n\n\n<p><strong>Vous \u00eates totalement tranquille de vous consacrer \u00e0 autre chose (et oui je suis l\u00e0 pour \u00e7a !).<\/strong><\/p>\n\n\n\n<p><strong>Dans le cas d\u2019un travail collaboratif, nous pr\u00e9voyons des moments d\u2019\u00e9changes ou de production commune, par t\u00e9l\u00e9phone ou visio.<\/strong><\/p>\n\n\n\n<p><em><strong>BON \u00c0 SAVOIR : Certaines missions n\u00e9cessitent que j\u2019\u00e9change plusieurs fois en cours de prestation. C\u2019est le cas pour tout travail de transcription-adaptation cons\u00e9quent ou complexe \u00e0 aborder.<\/strong><\/em><\/p>\n<\/div>\n\n\n\n<div id=\"wp-block-themeisle-blocks-advanced-column-adbc5601\" class=\"wp-block-themeisle-blocks-advanced-column\">\n<h4 id=\"wp-block-themeisle-blocks-advanced-heading-bacc3ab4\" class=\"wp-block-themeisle-blocks-advanced-heading wp-block-themeisle-blocks-advanced-heading-bacc3ab4\"><strong>Je vous adresse les <\/strong>documents attendus<\/h4>\n\n\n\n<figure class=\"wp-block-image size-large\"><img loading=\"lazy\" decoding=\"async\" width=\"1024\" height=\"706\" src=\"https:\/\/alterdv.fr\/wp-content\/uploads\/2023\/03\/etape3-1-1024x706.png\" alt=\"\" class=\"wp-image-1669\" srcset=\"https:\/\/alterdv.fr\/wp-content\/uploads\/2023\/03\/etape3-1-1024x706.png 1024w, https:\/\/alterdv.fr\/wp-content\/uploads\/2023\/03\/etape3-1-300x207.png 300w, https:\/\/alterdv.fr\/wp-content\/uploads\/2023\/03\/etape3-1-768x529.png 768w, https:\/\/alterdv.fr\/wp-content\/uploads\/2023\/03\/etape3-1-1536x1059.png 1536w, https:\/\/alterdv.fr\/wp-content\/uploads\/2023\/03\/etape3-1-2048x1411.png 2048w\" sizes=\"auto, (max-width: 1024px) 100vw, 1024px\" \/><\/figure>\n\n\n\n<p><strong>La remise des documents de transcription-adaptation est effectu\u00e9e par voie num\u00e9rique ou par courrier dans le cas d&rsquo;adaptations papier (braille, Gros K papier, DER).<br>Elle peut se faire :<\/strong><\/p>\n\n\n\n<p><strong>&#8211; soit en une seule fois au terme de la mission.<\/strong><\/p>\n\n\n\n<p><strong>&#8211; soit en plusieurs fois si la mission a \u00e9t\u00e9 d\u00e9coup\u00e9e en diff\u00e9rentes phases.<\/strong><\/p>\n\n\n\n<p><em><strong>BON \u00c0 SAVOIR : Chaque livraison peut comporter un ou plusieurs fichiers, selon les modalit\u00e9s convenues dans le devis accept\u00e9. L\u2019envoi des documents se fait par voie num\u00e9rique. S\u2019il y a plusieurs fichiers, je veille au respect des diff\u00e9rentes \u00e9ch\u00e9ances et \u00e0 sa r\u00e9ception compl\u00e8te.<\/strong><\/em><\/p>\n<\/div>\n<\/div><\/div>\n<\/div>\n<\/div><\/div>\n\n\n\n<div style=\"height:100px\" aria-hidden=\"true\" class=\"wp-block-spacer\"><\/div>\n","protected":false},"excerpt":{"rendered":"","protected":false},"author":1,"featured_media":0,"parent":0,"menu_order":0,"comment_status":"closed","ping_status":"closed","template":"","meta":{"neve_meta_sidebar":"","neve_meta_container":"","neve_meta_enable_content_width":"on","neve_meta_content_width":100,"neve_meta_title_alignment":"","neve_meta_author_avatar":"","neve_post_elements_order":"","neve_meta_disable_header":"","neve_meta_disable_footer":"","neve_meta_disable_title":"on","_themeisle_gutenberg_block_has_review":false,"footnotes":""},"class_list":["post-781","page","type-page","status-publish","hentry"],"_links":{"self":[{"href":"https:\/\/alterdv.fr\/index.php?rest_route=\/wp\/v2\/pages\/781","targetHints":{"allow":["GET"]}}],"collection":[{"href":"https:\/\/alterdv.fr\/index.php?rest_route=\/wp\/v2\/pages"}],"about":[{"href":"https:\/\/alterdv.fr\/index.php?rest_route=\/wp\/v2\/types\/page"}],"author":[{"embeddable":true,"href":"https:\/\/alterdv.fr\/index.php?rest_route=\/wp\/v2\/users\/1"}],"replies":[{"embeddable":true,"href":"https:\/\/alterdv.fr\/index.php?rest_route=%2Fwp%2Fv2%2Fcomments&post=781"}],"version-history":[{"count":34,"href":"https:\/\/alterdv.fr\/index.php?rest_route=\/wp\/v2\/pages\/781\/revisions"}],"predecessor-version":[{"id":1687,"href":"https:\/\/alterdv.fr\/index.php?rest_route=\/wp\/v2\/pages\/781\/revisions\/1687"}],"wp:attachment":[{"href":"https:\/\/alterdv.fr\/index.php?rest_route=%2Fwp%2Fv2%2Fmedia&parent=781"}],"curies":[{"name":"wp","href":"https:\/\/api.w.org\/{rel}","templated":true}]}}