{"id":861,"date":"2023-03-05T11:23:16","date_gmt":"2023-03-05T11:23:16","guid":{"rendered":"https:\/\/alterdv.fr\/?page_id=861"},"modified":"2023-03-24T16:18:19","modified_gmt":"2023-03-24T16:18:19","slug":"votre-demande-en-3-etapes","status":"publish","type":"page","link":"https:\/\/alterdv.fr\/?page_id=861","title":{"rendered":"Votre demande en 3 \u00e9tapes"},"content":{"rendered":"\n<div class=\"wp-block-group\"><div class=\"wp-block-group__inner-container is-layout-constrained wp-block-group-is-layout-constrained\">\n<div class=\"wp-block-group\"><div class=\"wp-block-group__inner-container is-layout-constrained wp-block-group-is-layout-constrained\">\n<div class=\"wp-block-cover alignfull\" style=\"min-height:200px;aspect-ratio:unset;\"><span aria-hidden=\"true\" class=\"wp-block-cover__background has-nv-site-bg-background-color has-background-dim-100 has-background-dim\"><\/span><div class=\"wp-block-cover__inner-container is-layout-flow wp-block-cover-is-layout-flow\">\n<div class=\"wp-block-group\"><div class=\"wp-block-group__inner-container is-layout-flow wp-block-group-is-layout-flow\">\n<div class=\"wp-block-group\"><div class=\"wp-block-group__inner-container is-layout-constrained wp-block-group-is-layout-constrained\">\n<h1 class=\"has-text-align-left has-neve-text-color-color has-text-color wp-block-heading\" style=\"text-transform:none\">Rien de plus simple<\/h1>\n<\/div><\/div>\n<\/div><\/div>\n<\/div><\/div>\n<\/div><\/div>\n<\/div><\/div>\n\n\n\n<div class=\"wp-block-group\"><div class=\"wp-block-group__inner-container is-layout-flow wp-block-group-is-layout-flow\">\n<div id=\"wp-block-themeisle-blocks-advanced-columns-784450ff\" class=\"wp-block-themeisle-blocks-advanced-columns alignfull has-1-columns has-desktop-equal-layout has-tablet-equal-layout has-mobile-collapsedRows-layout has-vertical-center ticss-c00aadba\"><div class=\"wp-block-themeisle-blocks-advanced-columns-overlay\"><\/div><div class=\"innerblocks-wrap\">\n<div id=\"wp-block-themeisle-blocks-advanced-column-d0fbfc0a\" class=\"wp-block-themeisle-blocks-advanced-column\">\n<div id=\"wp-block-themeisle-blocks-advanced-columns-f32a2609\" class=\"wp-block-themeisle-blocks-advanced-columns has-1-columns has-desktop-equal-layout has-tablet-equal-layout has-mobile-equal-layout has-vertical-center\"><div class=\"wp-block-themeisle-blocks-advanced-columns-overlay\"><\/div><div class=\"innerblocks-wrap\">\n<div id=\"wp-block-themeisle-blocks-advanced-column-3567d86b\" class=\"wp-block-themeisle-blocks-advanced-column\">\n<h5 class=\"wp-block-heading\" style=\"font-style:normal;font-weight:700;text-transform:uppercase\"><strong>Dans tous les cas, pour vous, c\u2019est simple :<\/strong><\/h5>\n\n\n\n<h5 class=\"wp-block-heading\" style=\"font-style:normal;font-weight:400;text-transform:lowercase\"><strong>Vous m\u2019exposez votre projet, je vous propose une solution, qu\u2019on ajuste ensemble si besoin !<\/strong><\/h5>\n<\/div>\n<\/div><\/div>\n\n\n\n<div id=\"wp-block-themeisle-blocks-advanced-columns-8085ff1f\" class=\"wp-block-themeisle-blocks-advanced-columns has-3-columns has-desktop-equal-layout has-tablet-equal-layout has-mobile-collapsedRows-layout has-vertical-top\"><div class=\"wp-block-themeisle-blocks-advanced-columns-overlay\"><\/div><div class=\"innerblocks-wrap\">\n<div id=\"wp-block-themeisle-blocks-advanced-column-dfb15c39\" class=\"wp-block-themeisle-blocks-advanced-column\">\n<h4 id=\"wp-block-themeisle-blocks-advanced-heading-3147d135\" class=\"wp-block-themeisle-blocks-advanced-heading wp-block-themeisle-blocks-advanced-heading-3147d135\"><strong>Vous me pr\u00e9sentez votre demande<\/strong><\/h4>\n\n\n\n<figure class=\"wp-block-image size-large\"><img loading=\"lazy\" decoding=\"async\" width=\"1024\" height=\"705\" src=\"https:\/\/alterdv.fr\/wp-content\/uploads\/2023\/03\/etape1-1-2-1024x705.png\" alt=\"\" class=\"wp-image-1662\" srcset=\"https:\/\/alterdv.fr\/wp-content\/uploads\/2023\/03\/etape1-1-2-1024x705.png 1024w, https:\/\/alterdv.fr\/wp-content\/uploads\/2023\/03\/etape1-1-2-300x206.png 300w, https:\/\/alterdv.fr\/wp-content\/uploads\/2023\/03\/etape1-1-2-768x528.png 768w, https:\/\/alterdv.fr\/wp-content\/uploads\/2023\/03\/etape1-1-2-1536x1057.png 1536w, https:\/\/alterdv.fr\/wp-content\/uploads\/2023\/03\/etape1-1-2-2048x1409.png 2048w\" sizes=\"auto, (max-width: 1024px) 100vw, 1024px\" \/><\/figure>\n\n\n\n<p><strong>Par voie num\u00e9rique (ou postale si l&rsquo;original est en version papier auquel cas je vous le retourne \u00e0 la fin de la transcription-adaptation). Il peut s\u2019agir de documents textes \u00e0 transcrire, de sch\u00e9mas ou dessins \u00e0 dessiner en relief, de fichiers sons ou vid\u00e9os demandant une audio-description&#8230;<\/strong><\/p>\n\n\n\n<p><em><strong>BON \u00c0 SAVOIR : Pour faciliter le transfert, je dispose d\u2019un espace de stockage en ligne PCloud. Vous pouvez sinon opter pour le moyen de transfert de votre choix (mail, transfert en ligne type grosfichier.com, etc.).<\/strong><\/em><\/p>\n<\/div>\n\n\n\n<div id=\"wp-block-themeisle-blocks-advanced-column-ec09b220\" class=\"wp-block-themeisle-blocks-advanced-column ticss-ec09b220\">\n<h4 id=\"wp-block-themeisle-blocks-advanced-heading-869a9c1f\" class=\"wp-block-themeisle-blocks-advanced-heading wp-block-themeisle-blocks-advanced-heading-869a9c1f\"><strong>Je vous adresse un devis d\u00e9taill\u00e9<\/strong><\/h4>\n\n\n\n<figure class=\"wp-block-image size-large\"><img loading=\"lazy\" decoding=\"async\" width=\"1024\" height=\"704\" src=\"https:\/\/alterdv.fr\/wp-content\/uploads\/2023\/03\/etape2-2-1-1024x704.png\" alt=\"\" class=\"wp-image-1663\" srcset=\"https:\/\/alterdv.fr\/wp-content\/uploads\/2023\/03\/etape2-2-1-1024x704.png 1024w, https:\/\/alterdv.fr\/wp-content\/uploads\/2023\/03\/etape2-2-1-300x206.png 300w, https:\/\/alterdv.fr\/wp-content\/uploads\/2023\/03\/etape2-2-1-768x528.png 768w, https:\/\/alterdv.fr\/wp-content\/uploads\/2023\/03\/etape2-2-1-1536x1056.png 1536w, https:\/\/alterdv.fr\/wp-content\/uploads\/2023\/03\/etape2-2-1-2048x1408.png 2048w\" sizes=\"auto, (max-width: 1024px) 100vw, 1024px\" \/><\/figure>\n\n\n\n<p><strong>Ce devis pr\u00e9cise le co\u00fbt et peut \u00eatre assorti de notes compl\u00e9mentaire. Par exemple : le d\u00e9tail les grandes \u00e9tapes de la mission, le paiement en plusieurs fois\u2026<\/strong><\/p>\n\n\n\n<p><strong>S\u2019il vous convient, vous le signez et me le renvoyez par mail.<\/strong><\/p>\n\n\n\n<p><strong>Votre \u00ab\u00a0bon pour accord\u00a0\u00bb une condition indispensable au d\u00e9marrage de la prestation (Pour les projets longs ou cons\u00e9quents, un acompte pourra \u00eatre envisag\u00e9).<\/strong><\/p>\n\n\n\n<p><strong><em>BON \u00c0 SAVOIR : En cas d\u2019interrogation de votre part, nous pouvons en parler<\/em> <em>tout simplement en parfaite transparence. L&rsquo;id\u00e9e \u00e9tant d&rsquo;adapter la prestation \u00e0 votre budget.<\/em><\/strong><\/p>\n<\/div>\n\n\n\n<div id=\"wp-block-themeisle-blocks-advanced-column-adbc5601\" class=\"wp-block-themeisle-blocks-advanced-column\">\n<h4 id=\"wp-block-themeisle-blocks-advanced-heading-bacc3ab4\" class=\"wp-block-themeisle-blocks-advanced-heading wp-block-themeisle-blocks-advanced-heading-bacc3ab4\"><strong>Une fois mon travail  r\u00e9ceptionn\u00e9<\/strong><\/h4>\n\n\n\n<figure class=\"wp-block-image size-large\"><img loading=\"lazy\" decoding=\"async\" width=\"1024\" height=\"706\" src=\"https:\/\/alterdv.fr\/wp-content\/uploads\/2023\/03\/etape3-3-2-1024x706.png\" alt=\"\" class=\"wp-image-1665\" srcset=\"https:\/\/alterdv.fr\/wp-content\/uploads\/2023\/03\/etape3-3-2-1024x706.png 1024w, https:\/\/alterdv.fr\/wp-content\/uploads\/2023\/03\/etape3-3-2-300x207.png 300w, https:\/\/alterdv.fr\/wp-content\/uploads\/2023\/03\/etape3-3-2-768x529.png 768w, https:\/\/alterdv.fr\/wp-content\/uploads\/2023\/03\/etape3-3-2-1536x1059.png 1536w, https:\/\/alterdv.fr\/wp-content\/uploads\/2023\/03\/etape3-3-2-2048x1411.png 2048w\" sizes=\"auto, (max-width: 1024px) 100vw, 1024px\" \/><\/figure>\n\n\n\n<p><strong>Vous m\u2019adressez votre paiement par virement bancaire, en une ou plusieurs fois selon ce que le devis pr\u00e9voit.<\/strong><\/p>\n\n\n\n<p><strong>En dehors de l\u2019acompte vers\u00e9 lors de certaines commandes, le paiement se fait donc apr\u00e8s livraison de l&rsquo;adaptation finalis\u00e9e.<\/strong><\/p>\n\n\n\n<p><strong>Les d\u00e9lais de paiement sont en principe de : maximum 30 jours apr\u00e8s l\u2019ex\u00e9cution de la prestation.<\/strong><\/p>\n\n\n\n<p><em><strong>BON \u00c0 SAVOIR : Vous avez des contraintes administratives ou comptables ? Un d\u00e9lai diff\u00e9rent peut \u00eatre n\u00e9goci\u00e9 lors de la commande (il ne peut exc\u00e9der 2 mois apr\u00e8s la date d\u2019\u00e9mission de la facture, conform\u00e9ment \u00e0 la loi). Ce d\u00e9lai n\u00e9goci\u00e9 doit \u00eatre pr\u00e9cis\u00e9 sur le devis ou contrat accept\u00e9.<\/strong><\/em><\/p>\n<\/div>\n<\/div><\/div>\n<\/div>\n<\/div><\/div>\n<\/div><\/div>\n\n\n\n<div style=\"height:100px\" aria-hidden=\"true\" class=\"wp-block-spacer\"><\/div>\n","protected":false},"excerpt":{"rendered":"","protected":false},"author":1,"featured_media":0,"parent":0,"menu_order":0,"comment_status":"closed","ping_status":"closed","template":"","meta":{"neve_meta_sidebar":"","neve_meta_container":"","neve_meta_enable_content_width":"on","neve_meta_content_width":100,"neve_meta_title_alignment":"","neve_meta_author_avatar":"","neve_post_elements_order":"","neve_meta_disable_header":"","neve_meta_disable_footer":"","neve_meta_disable_title":"on","_themeisle_gutenberg_block_has_review":false,"footnotes":""},"class_list":["post-861","page","type-page","status-publish","hentry"],"_links":{"self":[{"href":"https:\/\/alterdv.fr\/index.php?rest_route=\/wp\/v2\/pages\/861","targetHints":{"allow":["GET"]}}],"collection":[{"href":"https:\/\/alterdv.fr\/index.php?rest_route=\/wp\/v2\/pages"}],"about":[{"href":"https:\/\/alterdv.fr\/index.php?rest_route=\/wp\/v2\/types\/page"}],"author":[{"embeddable":true,"href":"https:\/\/alterdv.fr\/index.php?rest_route=\/wp\/v2\/users\/1"}],"replies":[{"embeddable":true,"href":"https:\/\/alterdv.fr\/index.php?rest_route=%2Fwp%2Fv2%2Fcomments&post=861"}],"version-history":[{"count":27,"href":"https:\/\/alterdv.fr\/index.php?rest_route=\/wp\/v2\/pages\/861\/revisions"}],"predecessor-version":[{"id":1688,"href":"https:\/\/alterdv.fr\/index.php?rest_route=\/wp\/v2\/pages\/861\/revisions\/1688"}],"wp:attachment":[{"href":"https:\/\/alterdv.fr\/index.php?rest_route=%2Fwp%2Fv2%2Fmedia&parent=861"}],"curies":[{"name":"wp","href":"https:\/\/api.w.org\/{rel}","templated":true}]}}