{"id":880,"date":"2023-03-05T14:02:44","date_gmt":"2023-03-05T14:02:44","guid":{"rendered":"https:\/\/alterdv.fr\/?page_id=880"},"modified":"2023-03-26T14:07:16","modified_gmt":"2023-03-26T14:07:16","slug":"le-metier-de-transcripteur-adaptateur","status":"publish","type":"page","link":"https:\/\/alterdv.fr\/?page_id=880","title":{"rendered":"Le m\u00e9tier de Transcripteur-Adaptateur"},"content":{"rendered":"\n<div class=\"wp-block-cover alignfull has-medium-font-size\" style=\"min-height:200px;aspect-ratio:unset;\"><span aria-hidden=\"true\" class=\"wp-block-cover__background has-nv-site-bg-background-color has-background-dim-100 has-background-dim\"><\/span><div class=\"wp-block-cover__inner-container is-layout-flow wp-block-cover-is-layout-flow\">\n<div class=\"wp-block-group\"><div class=\"wp-block-group__inner-container is-layout-flow wp-block-group-is-layout-flow\">\n<h1 class=\"wp-block-heading has-text-align-left has-neve-text-color-color has-text-color\" style=\"text-transform:none\">ce que je propose<\/h1>\n<\/div><\/div>\n<\/div><\/div>\n\n\n\n<div id=\"wp-block-themeisle-blocks-advanced-columns-784450ff\" class=\"wp-block-themeisle-blocks-advanced-columns alignfull has-1-columns has-desktop-equal-layout has-tablet-equal-layout has-mobile-collapsedRows-layout has-vertical-center ticss-c00aadba has-dark-bg\"><div class=\"wp-block-themeisle-blocks-advanced-columns-overlay\"><\/div><div class=\"innerblocks-wrap\">\n<div id=\"wp-block-themeisle-blocks-advanced-column-d0fbfc0a\" class=\"wp-block-themeisle-blocks-advanced-column\">\n<div id=\"wp-block-themeisle-blocks-advanced-columns-b326aa4d\" class=\"wp-block-themeisle-blocks-advanced-columns has-1-columns has-desktop-equal-layout has-tablet-equal-layout has-mobile-equal-layout has-vertical-center\"><div class=\"wp-block-themeisle-blocks-advanced-columns-overlay\"><\/div><div class=\"innerblocks-wrap\">\n<div id=\"wp-block-themeisle-blocks-advanced-column-3567d86b\" class=\"wp-block-themeisle-blocks-advanced-column\">\n<h2 id=\"wp-block-themeisle-blocks-advanced-heading-d5f71f32\" class=\"wp-block-themeisle-blocks-advanced-heading wp-block-themeisle-blocks-advanced-heading-d5f71f32\">Quelques explications<\/h2>\n\n\n\n<p class=\"has-text-align-left has-nv-site-bg-color has-text-color has-medium-font-size\"><strong>Le&nbsp;Transcripteur de document, aussi appel\u00e9 Adaptateur de document est un professionnel dont le r\u00f4le est de retranscrire des documents pour des personnes atteintes de probl\u00e8mes aux yeux (malvoyants, aveugles) ou touch\u00e9es par des troubles DYS (dysphasie, dyslexie, dyspraxie etc&#8230;).<\/strong><\/p>\n\n\n\n<p class=\"has-nv-site-bg-color has-text-color\"><strong>Derri\u00e8re ce jargon pseudo-technique, le transcripteur-adaptateur trouve sa pleine utilit\u00e9 dans l\u2019acc\u00e8s \u00e0 la culture et \u00e0 l\u2019information pour les d\u00e9ficients visuels.<br>Gr\u00e2ce \u00e0 la production de nombreux supports adapt\u00e9s (en braille, caract\u00e8re agrandis, FALC, dessins en relief ou encore Audio), toutes les personnes mal ou non voyantes peuvent ainsi avoir un acc\u00e8s \u00e9gal \u00e0 la culture et \u00eatre autonomes sur les diff\u00e9rents aspects de leur vie tant professionnelle que personnelle&#8230; haaaaa, l\u00e0 \u00e7a fait tout de suite mieux non !?!<\/strong><\/p>\n<\/div>\n<\/div><\/div>\n<\/div>\n<\/div><\/div>\n\n\n\n<div id=\"wp-block-themeisle-blocks-advanced-columns-26d55b2f\" class=\"wp-block-themeisle-blocks-advanced-columns alignfull has-1-columns has-desktop-equal-layout has-tablet-equal-layout has-mobile-collapsedRows-layout has-vertical-center ticss-c00aadba\"><div class=\"wp-block-themeisle-blocks-advanced-columns-overlay\"><\/div><div class=\"innerblocks-wrap\">\n<div id=\"wp-block-themeisle-blocks-advanced-column-45aab590\" class=\"wp-block-themeisle-blocks-advanced-column\">\n<div id=\"wp-block-themeisle-blocks-advanced-columns-e31ada29\" class=\"wp-block-themeisle-blocks-advanced-columns has-1-columns has-desktop-equal-layout has-tablet-equal-layout has-mobile-equal-layout has-vertical-center\"><div class=\"wp-block-themeisle-blocks-advanced-columns-overlay\"><\/div><div class=\"innerblocks-wrap\">\n<div id=\"wp-block-themeisle-blocks-advanced-column-5661f62c\" class=\"wp-block-themeisle-blocks-advanced-column\">\n<p class=\"has-text-align-left has-nv-dark-bg-color has-text-color has-medium-font-size\"> <\/p>\n\n\n\n<h2 class=\"has-text-color wp-block-heading\" style=\"color:#f5a523\"><strong>Mais alors, pourquoi le terme de transcripteur-adaptateur ?<\/strong><\/h2>\n\n\n\n<p class=\"has-neve-text-color-color has-text-color\"><strong>La transcription<\/strong> est la reproduction exacte d\u2019un document ou d\u2019une \u0153uvre dans un format diff\u00e9rent (braille, caract\u00e8res agrandis, fichier num\u00e9rique accessible, etc.).<\/p>\n\n\n\n<p class=\"has-neve-text-color-color has-text-color\"><strong>L\u2019adaptation <\/strong>d\u2019un document est sa modification de fa\u00e7on \u00e0 ce qu\u2019il reste fonctionnel une fois transcrit. Elle est \u00e0 la fois le processus (la modification du document) et son r\u00e9sultat (le document modifi\u00e9).<\/p>\n\n\n\n<p class=\"has-neve-text-color-color has-text-color\">Plus g\u00e9n\u00e9ralement on parle souvent de&nbsp;<strong>transcription<\/strong>&nbsp;pour l\u2019ensemble des traitements \u00e0 effectuer pour passer d\u2019un document noir (imprim\u00e9) \u00e0 un document en braille. Le braille \u00e9tant lin\u00e9aire, le transcripteur doit faire des choix pour rendre le document accessible sans perdre l\u2019information.<br>L\u2019<strong>adaptation<\/strong>&nbsp;vient elle en compl\u00e9ment de la transcription. Elle a pour but de permettre l\u2019exploitation du document (rendre accessible les consignes, les tableaux, les graphiques, les&nbsp;sch\u00e9mas\u2026) par la personne, qu\u2019elle soit aveugle ou malvoyante.<\/p>\n\n\n\n<p class=\"has-neve-text-color-color has-text-color\"><strong>La transcription-adaptation, c\u2019est donc la prise en compte globale des probl\u00e9matiques d\u2019accessibilit\u00e9 pour l\u2019ensemble des personnes en situation de handicap, quel que soit son type et son intensit\u00e9.<\/strong><\/p>\n<\/div>\n<\/div><\/div>\n<\/div>\n<\/div><\/div>\n\n\n\n<div id=\"wp-block-themeisle-blocks-advanced-columns-bace48f5\" class=\"wp-block-themeisle-blocks-advanced-columns alignfull has-1-columns has-desktop-equal-layout has-tablet-equal-layout has-mobile-collapsedRows-layout has-vertical-top ticss-c00aadba\"><div class=\"wp-block-themeisle-blocks-advanced-columns-overlay\"><\/div><div class=\"innerblocks-wrap\">\n<div id=\"wp-block-themeisle-blocks-advanced-column-fe88b8ab\" class=\"wp-block-themeisle-blocks-advanced-column\">\n<div id=\"wp-block-themeisle-blocks-advanced-columns-f32a2609\" class=\"wp-block-themeisle-blocks-advanced-columns has-1-columns has-desktop-equal-layout has-tablet-equal-layout has-mobile-equal-layout has-vertical-center\"><div class=\"wp-block-themeisle-blocks-advanced-columns-overlay\"><\/div><div class=\"innerblocks-wrap\">\n<div id=\"wp-block-themeisle-blocks-advanced-column-09ad6505\" class=\"wp-block-themeisle-blocks-advanced-column\"><\/div>\n<\/div><\/div>\n\n\n\n<div id=\"wp-block-themeisle-blocks-advanced-columns-7110ccd4\" class=\"wp-block-themeisle-blocks-advanced-columns has-3-columns has-desktop-equal-layout has-tablet-equal-layout has-mobile-collapsedRows-layout has-vertical-top\"><div class=\"wp-block-themeisle-blocks-advanced-columns-overlay\"><\/div><div class=\"innerblocks-wrap\">\n<div id=\"wp-block-themeisle-blocks-advanced-column-23cea3bb\" class=\"wp-block-themeisle-blocks-advanced-column\">\n<div id=\"wp-block-themeisle-blocks-font-awesome-icons-8c4304fb\" class=\"wp-block-themeisle-blocks-font-awesome-icons\"><span class=\"wp-block-themeisle-blocks-font-awesome-icons-container\"><i class=\"fab fa-accusoft\"><\/i><\/span><\/div>\n\n\n\n<h3 id=\"wp-block-themeisle-blocks-advanced-heading-c8c6eaa6\" class=\"wp-block-themeisle-blocks-advanced-heading wp-block-themeisle-blocks-advanced-heading-c8c6eaa6\">Missions<\/h3>\n\n\n\n<ul class=\"wp-block-list\">\n<li><strong>Transcrire et adapter tout type de document (technique, p\u00e9dagogique, juridique, scientifique&#8230;) sur tous types de support (papier, num\u00e9rique et audio).<\/strong><\/li>\n\n\n\n<li><strong>Reformuler, transposer, isoler l&rsquo;information dans le document adapt\u00e9 en conservant ou non le contenu\/message original.<\/strong><\/li>\n\n\n\n<li><strong>Conseil p\u00e9dagogique aupr\u00e8s des collaborateurs\/utilisateurs.<\/strong><\/li>\n<\/ul>\n<\/div>\n\n\n\n<div id=\"wp-block-themeisle-blocks-advanced-column-ba473847\" class=\"wp-block-themeisle-blocks-advanced-column ticss-ec09b220\">\n<div id=\"wp-block-themeisle-blocks-font-awesome-icons-a2925364\" class=\"wp-block-themeisle-blocks-font-awesome-icons\"><span class=\"wp-block-themeisle-blocks-font-awesome-icons-container\"><i class=\"fas fa-address-book\"><\/i><\/span><\/div>\n\n\n\n<h3 id=\"wp-block-themeisle-blocks-advanced-heading-c6b43fba\" class=\"wp-block-themeisle-blocks-advanced-heading wp-block-themeisle-blocks-advanced-heading-c6b43fba\">Savoirs-faire<\/h3>\n\n\n\n<ul class=\"wp-block-list\">\n<li><strong>Conna\u00eetre le public et comprendre ses besoins.<\/strong><\/li>\n\n\n\n<li><strong>Maitriser les outils permettant la production des documents adapt\u00e9s (logiciels de PAO, impression-thermogonflage-embossage) et conna\u00eetre les r\u00e8gles norm\u00e9es du braille et de l&rsquo;adaptation.<\/strong><\/li>\n\n\n\n<li><strong>Avoir 10\/10 en fran\u00e7ais et \u00eatre \u00e0 l&rsquo;aise dans les langues concern\u00e9es par l&rsquo;adaptation.<\/strong><\/li>\n<\/ul>\n<\/div>\n\n\n\n<div id=\"wp-block-themeisle-blocks-advanced-column-17fdf9b4\" class=\"wp-block-themeisle-blocks-advanced-column\">\n<div id=\"wp-block-themeisle-blocks-font-awesome-icons-680b468d\" class=\"wp-block-themeisle-blocks-font-awesome-icons\"><span class=\"wp-block-themeisle-blocks-font-awesome-icons-container\"><i class=\"far fa-handshake\"><\/i><\/span><\/div>\n\n\n\n<h3 id=\"wp-block-themeisle-blocks-advanced-heading-c5422016\" class=\"wp-block-themeisle-blocks-advanced-heading wp-block-themeisle-blocks-advanced-heading-c5422016\">Qualit\u00e9s<\/h3>\n\n\n\n<ul class=\"wp-block-list\">\n<li><strong> Beaucoup de patience, car il s&rsquo;agit d&rsquo;un travail long.<\/strong><\/li>\n\n\n\n<li><strong>Savoir s&rsquo;adapter car l&rsquo;on aborde des documents souvent totalement diff\u00e9rents, tels que des papiers administratifs, des documents p\u00e9dagogiques, des ouvrages culturels et touristiques\u2026<\/strong><\/li>\n\n\n\n<li><strong>Aimer \u00e0 la fois le travail collaboratif et le t\u00e9l\u00e9travail.<\/strong><\/li>\n<\/ul>\n<\/div>\n<\/div><\/div>\n<\/div>\n<\/div><\/div>\n\n\n\n<div style=\"height:100px\" aria-hidden=\"true\" class=\"wp-block-spacer\"><\/div>\n","protected":false},"excerpt":{"rendered":"","protected":false},"author":1,"featured_media":0,"parent":0,"menu_order":0,"comment_status":"closed","ping_status":"closed","template":"","meta":{"neve_meta_sidebar":"full-width","neve_meta_container":"","neve_meta_enable_content_width":"on","neve_meta_content_width":100,"neve_meta_title_alignment":"left","neve_meta_author_avatar":"","neve_post_elements_order":"","neve_meta_disable_header":"","neve_meta_disable_footer":"","neve_meta_disable_title":"on","_themeisle_gutenberg_block_has_review":false,"footnotes":""},"class_list":["post-880","page","type-page","status-publish","hentry"],"_links":{"self":[{"href":"https:\/\/alterdv.fr\/index.php?rest_route=\/wp\/v2\/pages\/880","targetHints":{"allow":["GET"]}}],"collection":[{"href":"https:\/\/alterdv.fr\/index.php?rest_route=\/wp\/v2\/pages"}],"about":[{"href":"https:\/\/alterdv.fr\/index.php?rest_route=\/wp\/v2\/types\/page"}],"author":[{"embeddable":true,"href":"https:\/\/alterdv.fr\/index.php?rest_route=\/wp\/v2\/users\/1"}],"replies":[{"embeddable":true,"href":"https:\/\/alterdv.fr\/index.php?rest_route=%2Fwp%2Fv2%2Fcomments&post=880"}],"version-history":[{"count":34,"href":"https:\/\/alterdv.fr\/index.php?rest_route=\/wp\/v2\/pages\/880\/revisions"}],"predecessor-version":[{"id":1712,"href":"https:\/\/alterdv.fr\/index.php?rest_route=\/wp\/v2\/pages\/880\/revisions\/1712"}],"wp:attachment":[{"href":"https:\/\/alterdv.fr\/index.php?rest_route=%2Fwp%2Fv2%2Fmedia&parent=880"}],"curies":[{"name":"wp","href":"https:\/\/api.w.org\/{rel}","templated":true}]}}